{"id":16416,"date":"2015-04-16T10:44:20","date_gmt":"2015-04-16T10:44:20","guid":{"rendered":"https:\/\/ekiona.com\/\/empresa\/"},"modified":"2022-01-27T15:05:33","modified_gmt":"2022-01-27T14:05:33","slug":"entreprise","status":"publish","type":"page","link":"https:\/\/ekiona.com\/fr\/entreprise\/","title":{"rendered":"Entreprise"},"content":{"rendered":"<p>[vc_row css_animation=\u00a0\u00bb\u00a0\u00bb row_type=\u00a0\u00bbrow\u00a0\u00bb use_row_as_full_screen_section=\u00a0\u00bbno\u00a0\u00bb type=\u00a0\u00bbgrid\u00a0\u00bb angled_section=\u00a0\u00bbno\u00a0\u00bb text_align=\u00a0\u00bbcenter\u00a0\u00bb background_image_as_pattern=\u00a0\u00bbwithout_pattern\u00a0\u00bb background_color=\u00a0\u00bb#ffffff\u00a0\u00bb][vc_column][vc_column_text]<\/p>\n<h2 style=\"text-align: left;\">Histoire<\/h2>\n<p>[\/vc_column_text][vc_row_inner row_type=\u00a0\u00bbrow\u00a0\u00bb type=\u00a0\u00bbgrid\u00a0\u00bb text_align=\u00a0\u00bbleft\u00a0\u00bb css_animation=\u00a0\u00bb\u00a0\u00bb padding_top=\u00a0\u00bb25&Prime; padding_bottom=\u00a0\u00bb0&Prime;][vc_column_inner width=\u00a0\u00bb1\/2&Prime; css=\u00a0\u00bb.vc_custom_1522080386404{padding-right: 5% !important;}\u00a0\u00bb][vc_column_text]EKIONA \u00c9clairage Solaire est une entreprise situ\u00e9e dans le Parc Technologique de Miram\u00f3n (Donostia-San Sebasti\u00e1n) sp\u00e9cialis\u00e9e dans l&rsquo;offre, depuis 2010, de solutions d&rsquo;\u00e9clairage solaire adapt\u00e9es \u00e0 chaque situation.<\/p>\n<p>&nbsp;<\/p>\n<p>Soutenu par une vaste exp\u00e9rience dans le secteur des \u00e9nergies renouvelables, nous nous sp\u00e9cialisons dans la conception, le d\u00e9veloppement, la fabrication et la commercialisation de lampadaires solaires.<\/p>\n<p>&nbsp;<\/p>\n<p>Nos solutions d&rsquo;\u00e9clairage sont bas\u00e9es sur les technologies LED et photovolta\u00efques.<\/p>\n<p>&nbsp;<\/p>\n<p>Nous formons une \u00e9quipe jeune, dynamique et multidisciplinaire avec une vaste exp\u00e9rience dans le secteur du solaire photovolta\u00efque et des id\u00e9es cr\u00e9atives avec lesquelles nous cr\u00e9ons des produits et services innovants.[\/vc_column_text][vc_separator type=\u00a0\u00bbtransparent\u00a0\u00bb up=\u00a0\u00bb30&Prime; down=\u00a0\u00bb0&Prime;][\/vc_column_inner][vc_column_inner width=\u00a0\u00bb1\/2&Prime;]<div class='q_list circle bold'><\/p>\n<ul>\n<li>Fonctionnement m\u00eame dans des conditions extr\u00eames<\/li>\n<li>Conception fonctionnelle<\/li>\n<li>Fabrication europ\u00e9enne<\/li>\n<li>\u00c9tudes de la lumi\u00e8re pour chaque projet<\/li>\n<li>T\u00e9l\u00e9gestion de lampadaires solairesProduction flexible pour petits et grands projets<\/li>\n<\/ul>\n<p><\/div>[vc_separator type=\u00a0\u00bbtransparent\u00a0\u00bb up=\u00a0\u00bb87&Prime; down=\u00a0\u00bb0&Prime;][\/vc_column_inner][\/vc_row_inner][\/vc_column][\/vc_row][vc_row row_type=\u00a0\u00bbparallax\u00a0\u00bb parallax_content_width=\u00a0\u00bbin_grid\u00a0\u00bb text_align=\u00a0\u00bbcenter\u00a0\u00bb full_screen_section_height=\u00a0\u00bbno\u00a0\u00bb background_image=\u00a0\u00bb15982&Prime; section_height=\u00a0\u00bb345&Prime; el_class=\u00a0\u00bbdesktop\u00a0\u00bb][vc_column][\/vc_column][\/vc_row][vc_row css_animation=\u00a0\u00bb\u00a0\u00bb row_type=\u00a0\u00bbrow\u00a0\u00bb use_row_as_full_screen_section=\u00a0\u00bbno\u00a0\u00bb type=\u00a0\u00bbfull_width\u00a0\u00bb angled_section=\u00a0\u00bbno\u00a0\u00bb text_align=\u00a0\u00bbcenter\u00a0\u00bb background_image_as_pattern=\u00a0\u00bbwithout_pattern\u00a0\u00bb background_image=\u00a0\u00bb15982&Prime; el_class=\u00a0\u00bbmobile\u00a0\u00bb][vc_column][vc_empty_space height=\u00a0\u00bb300px\u00a0\u00bb][\/vc_column][\/vc_row]<\/p>\n","protected":false},"excerpt":{"rendered":"<p>[vc_row css_animation=\u00a0\u00bb\u00a0\u00bb row_type=\u00a0\u00bbrow\u00a0\u00bb use_row_as_full_screen_section=\u00a0\u00bbno\u00a0\u00bb type=\u00a0\u00bbgrid\u00a0\u00bb angled_section=\u00a0\u00bbno\u00a0\u00bb text_align=\u00a0\u00bbcenter\u00a0\u00bb background_image_as_pattern=\u00a0\u00bbwithout_pattern\u00a0\u00bb background_color=\u00a0\u00bb#ffffff\u00a0\u00bb][vc_column][vc_column_text] Histoire [\/vc_column_text][vc_row_inner row_type=\u00a0\u00bbrow\u00a0\u00bb type=\u00a0\u00bbgrid\u00a0\u00bb text_align=\u00a0\u00bbleft\u00a0\u00bb css_animation=\u00a0\u00bb\u00a0\u00bb padding_top=\u00a0\u00bb25&Prime; padding_bottom=\u00a0\u00bb0&Prime;][vc_column_inner width=\u00a0\u00bb1\/2&Prime; css=\u00a0\u00bb.vc_custom_1522080386404{padding-right: 5% !important;}\u00a0\u00bb][vc_column_text]EKIONA \u00c9clairage Solaire est une entreprise situ\u00e9e dans le Parc Technologique de Miram\u00f3n (Donostia-San Sebasti\u00e1n) sp\u00e9cialis\u00e9e dans l&rsquo;offre, depuis 2010, de solutions d&rsquo;\u00e9clairage solaire adapt\u00e9es&#8230;<\/p>\n","protected":false},"author":3,"featured_media":0,"parent":0,"menu_order":0,"comment_status":"open","ping_status":"open","template":"full_width.php","meta":{"_monsterinsights_skip_tracking":false,"_monsterinsights_sitenote_active":false,"_monsterinsights_sitenote_note":"","_monsterinsights_sitenote_category":0,"footnotes":""},"class_list":["post-16416","page","type-page","status-publish","hentry"],"aioseo_notices":[],"_links":{"self":[{"href":"https:\/\/ekiona.com\/fr\/wp-json\/wp\/v2\/pages\/16416"}],"collection":[{"href":"https:\/\/ekiona.com\/fr\/wp-json\/wp\/v2\/pages"}],"about":[{"href":"https:\/\/ekiona.com\/fr\/wp-json\/wp\/v2\/types\/page"}],"author":[{"embeddable":true,"href":"https:\/\/ekiona.com\/fr\/wp-json\/wp\/v2\/users\/3"}],"replies":[{"embeddable":true,"href":"https:\/\/ekiona.com\/fr\/wp-json\/wp\/v2\/comments?post=16416"}],"version-history":[{"count":0,"href":"https:\/\/ekiona.com\/fr\/wp-json\/wp\/v2\/pages\/16416\/revisions"}],"wp:attachment":[{"href":"https:\/\/ekiona.com\/fr\/wp-json\/wp\/v2\/media?parent=16416"}],"curies":[{"name":"wp","href":"https:\/\/api.w.org\/{rel}","templated":true}]}}