{"id":16420,"date":"2018-03-27T12:16:00","date_gmt":"2018-03-27T11:16:00","guid":{"rendered":"https:\/\/ekiona.com\/\/farolas-solares\/"},"modified":"2025-11-20T13:38:42","modified_gmt":"2025-11-20T12:38:42","slug":"farolas-solares","status":"publish","type":"page","link":"https:\/\/ekiona.com\/fr\/farolas-solares\/","title":{"rendered":"Luminaires solaires"},"content":{"rendered":"<p>[vc_row css_animation=\u00a0\u00bb\u00a0\u00bb row_type=\u00a0\u00bbrow\u00a0\u00bb use_row_as_full_screen_section=\u00a0\u00bbno\u00a0\u00bb type=\u00a0\u00bbfull_width\u00a0\u00bb angled_section=\u00a0\u00bbno\u00a0\u00bb text_align=\u00a0\u00bbleft\u00a0\u00bb background_image_as_pattern=\u00a0\u00bbwithout_pattern\u00a0\u00bb][vc_column][vc_column_text][\/vc_column_text][\/vc_column][\/vc_row][vc_row css_animation=\u00a0\u00bb\u00a0\u00bb row_type=\u00a0\u00bbrow\u00a0\u00bb use_row_as_full_screen_section=\u00a0\u00bbno\u00a0\u00bb type=\u00a0\u00bbfull_width\u00a0\u00bb angled_section=\u00a0\u00bbno\u00a0\u00bb text_align=\u00a0\u00bbleft\u00a0\u00bb background_image_as_pattern=\u00a0\u00bbwithout_pattern\u00a0\u00bb][vc_column width=\u00a0\u00bb1\/4&Prime;][\/vc_column][vc_column width=\u00a0\u00bb1\/2&Prime; css=\u00a0\u00bb.vc_custom_1524035294921{padding-right: 15px !important;padding-left: 15px !important;}\u00a0\u00bb][vc_column_text]<\/p>\n<h2>Mod\u00e8les<\/h2>\n<p>[\/vc_column_text][vc_column_text el_class=\u00a0\u00bbjustify\u00a0\u00bb]Toutes les solutions d&rsquo;\u00e9clairage solaire que nous proposons s&rsquo;adaptent aux besoins actuels de chaque client.<\/p>\n<p>&nbsp;<\/p>\n<p>Le principal avantage des lampadaires solaires par rapport aux solutions conventionnelles est qu&rsquo;il n&rsquo;est pas n\u00e9cessaire de creuser des tranch\u00e9es, de poser des canalisations ou des conduites \u00e9lectriques pour alimenter le lampadaire en \u00e9lectricit\u00e9.[\/vc_column_text][vc_column_text css=\u00a0\u00bb.vc_custom_1763641979348{margin-top: 20px !important;padding-left: 20px !important;}\u00a0\u00bb]<\/p>\n<ul>\n<li style=\"font-weight: 400;\">Autosuffisance \u00e9nerg\u00e9tique, sans connexion au r\u00e9seau \u00e9lectrique.<\/li>\n<li style=\"font-weight: 400;\">Co\u00fbt \u00e9nerg\u00e9tique 0<\/li>\n<li style=\"font-weight: 400;\">Conceptions anti-vandalisme<\/li>\n<li style=\"font-weight: 400;\">\u00c9clairage gr\u00e2ce \u00e0 une \u00e9nergie propre, bon march\u00e9 et in\u00e9puisable.<\/li>\n<li style=\"font-weight: 400;\">Dimensionnement du lampadaire solaire \u00ab \u00e0 la carte \u00bb.<\/li>\n<\/ul>\n<p>[\/vc_column_text][\/vc_column][vc_column width=\u00a0\u00bb1\/4&Prime;][\/vc_column][\/vc_row][vc_row css_animation=\u00a0\u00bb\u00a0\u00bb row_type=\u00a0\u00bbrow\u00a0\u00bb use_row_as_full_screen_section=\u00a0\u00bbno\u00a0\u00bb type=\u00a0\u00bbfull_width\u00a0\u00bb angled_section=\u00a0\u00bbno\u00a0\u00bb text_align=\u00a0\u00bbleft\u00a0\u00bb background_image_as_pattern=\u00a0\u00bbwithout_pattern\u00a0\u00bb][vc_column width=\u00a0\u00bb3\/4&Prime;][vc_column_text][\/vc_column_text][\/vc_column][vc_column width=\u00a0\u00bb1\/4&Prime;][\/vc_column][\/vc_row][vc_row css_animation=\u00a0\u00bb\u00a0\u00bb row_type=\u00a0\u00bbrow\u00a0\u00bb use_row_as_full_screen_section=\u00a0\u00bbyes\u00a0\u00bb type=\u00a0\u00bbgrid\u00a0\u00bb angled_section=\u00a0\u00bbno\u00a0\u00bb text_align=\u00a0\u00bbleft\u00a0\u00bb background_image_as_pattern=\u00a0\u00bbwithout_pattern\u00a0\u00bb css=\u00a0\u00bb.vc_custom_1542971789749{padding-top: 100px !important;padding-bottom: 100px !important;background-color: #ffffff !important;}\u00a0\u00bb el_class=\u00a0\u00bb#seriecrosswalk{visibility: hidden;}\u00a0\u00bb][vc_column width=\u00a0\u00bb3\/4&Prime; css=\u00a0\u00bb.vc_custom_1542971806618{background-color: #ffffff !important;}\u00a0\u00bb][vc_column_text css=\u00a0\u00bb.vc_custom_1763642008990{margin-bottom: 50px !important;}\u00a0\u00bb]<\/p>\n<h2>S\u00c9RIE ROMI<\/h2>\n<p>&nbsp;<\/p>\n<p>Le lampadaire solaire sur mesure. R\u00e9duisez les co\u00fbts et le temps d&rsquo;installation gr\u00e2ce \u00e0 cette solution<br \/>\ncapable de remplacer les anciens lampadaires solaires.[\/vc_column_text]<a  itemprop=\"url\" href=\"https:\/\/ekiona.com\/farolas-solares\/serie-romi\/\" target=\"_self\" data-hover-background-color='#43403e' data-hover-border-color='#43403e' data-hover-color='#ffffff' class=\"qbutton  default\" style=\"color: #ffffff; border-color: #ffffff; background-color: #f2c417;\">VOIR PLUS<\/a>[\/vc_column][vc_column width=\u00a0\u00bb1\/4&Prime;][vc_single_image image=\u00a0\u00bb22459&Prime; img_size=\u00a0\u00bbfull\u00a0\u00bb onclick=\u00a0\u00bbcustom_link\u00a0\u00bb qode_css_animation=\u00a0\u00bb\u00a0\u00bb link=\u00a0\u00bbhttps:\/\/ekiona.com\/farolas-solares\/serie-crosswalk\/\u00a0\u00bb][\/vc_column][\/vc_row][vc_row css_animation=\u00a0\u00bb\u00a0\u00bb row_type=\u00a0\u00bbrow\u00a0\u00bb use_row_as_full_screen_section=\u00a0\u00bbyes\u00a0\u00bb type=\u00a0\u00bbgrid\u00a0\u00bb angled_section=\u00a0\u00bbno\u00a0\u00bb text_align=\u00a0\u00bbleft\u00a0\u00bb background_image_as_pattern=\u00a0\u00bbwithout_pattern\u00a0\u00bb background_color=\u00a0\u00bb#f2c417&Prime; css=\u00a0\u00bb.vc_custom_1758796692719{padding-top: 100px !important;padding-bottom: 100px !important;background-color: #f2c417 !important;}\u00a0\u00bb el_class=\u00a0\u00bbyellow_zone\u00a0\u00bb z_index=\u00a0\u00bb\u00a0\u00bb][vc_column width=\u00a0\u00bb1\/4&Prime;][vc_single_image image=\u00a0\u00bb18784&Prime; img_size=\u00a0\u00bbfull\u00a0\u00bb onclick=\u00a0\u00bbcustom_link\u00a0\u00bb qode_css_animation=\u00a0\u00bb\u00a0\u00bb link=\u00a0\u00bbhttps:\/\/ekiona.com\/farolas-solares\/serie-olintu\/\u00a0\u00bb][\/vc_column][vc_column width=\u00a0\u00bb3\/4&Prime;][vc_column_text css=\u00a0\u00bb.vc_custom_1763642100203{margin-bottom: 50px !important;}\u00a0\u00bb]<\/p>\n<h2>S\u00c9RIE OLINTU<\/h2>\n<p>&nbsp;<\/p>\n<p>La solution d&rsquo;\u00e9clairage solaire intelligente qui allie un design minimaliste \u00e0 une efficacit\u00e9 maximale<br \/>\ngr\u00e2ce \u00e0 sa batterie au lithium de derni\u00e8re g\u00e9n\u00e9ration.[\/vc_column_text]<a  itemprop=\"url\" href=\"https:\/\/ekiona.com\/farolas-solares\/serie-olintu\/\" target=\"_self\" data-hover-background-color='#43403e' data-hover-border-color='#43403e' data-hover-color='#ffffff' class=\"qbutton  default\" style=\"color: #000000; border-color: #f2c417; background-color: #ffffff;\">VOIR PLUS<\/a>[\/vc_column][\/vc_row][vc_row css_animation=\u00a0\u00bb\u00a0\u00bb row_type=\u00a0\u00bbrow\u00a0\u00bb use_row_as_full_screen_section=\u00a0\u00bbyes\u00a0\u00bb type=\u00a0\u00bbgrid\u00a0\u00bb angled_section=\u00a0\u00bbno\u00a0\u00bb text_align=\u00a0\u00bbleft\u00a0\u00bb background_image_as_pattern=\u00a0\u00bbwithout_pattern\u00a0\u00bb css=\u00a0\u00bb.vc_custom_1542971789749{padding-top: 100px !important;padding-bottom: 100px !important;background-color: #ffffff !important;}\u00a0\u00bb el_class=\u00a0\u00bb#seriecrosswalk{visibility: hidden;}\u00a0\u00bb el_id=\u00a0\u00bbseriecrosswalk\u00a0\u00bb][vc_column width=\u00a0\u00bb3\/4&Prime; css=\u00a0\u00bb.vc_custom_1542971806618{background-color: #ffffff !important;}\u00a0\u00bb][vc_column_text css=\u00a0\u00bb.vc_custom_1763642120130{margin-bottom: 50px !important;}\u00a0\u00bb]<\/p>\n<h2>S\u00c9RIE CROSSWALK<\/h2>\n<p>&nbsp;<\/p>\n<p>La solution parfaite en mati\u00e8re d&rsquo;\u00e9clairage solaire intelligent pour les passages pi\u00e9tons : elle am\u00e9liore la visibilit\u00e9 et<br \/>\nla s\u00e9curit\u00e9 tout en r\u00e9duisant les risques d&rsquo;accidents.[\/vc_column_text]<a  itemprop=\"url\" href=\"https:\/\/ekiona.com\/farolas-solares\/serie-crosswalk\/\" target=\"_self\" data-hover-background-color='#43403e' data-hover-border-color='#43403e' data-hover-color='#ffffff' class=\"qbutton  default\" style=\"color: #ffffff; border-color: #ffffff; background-color: #f2c417;\">VOIR PLUS<\/a>[\/vc_column][vc_column width=\u00a0\u00bb1\/4&Prime;][vc_single_image image=\u00a0\u00bb19124&Prime; img_size=\u00a0\u00bbfull\u00a0\u00bb onclick=\u00a0\u00bbcustom_link\u00a0\u00bb qode_css_animation=\u00a0\u00bb\u00a0\u00bb link=\u00a0\u00bbhttps:\/\/ekiona.com\/farolas-solares\/serie-crosswalk\/\u00a0\u00bb][\/vc_column][\/vc_row][vc_row css_animation=\u00a0\u00bb\u00a0\u00bb row_type=\u00a0\u00bbrow\u00a0\u00bb use_row_as_full_screen_section=\u00a0\u00bbyes\u00a0\u00bb type=\u00a0\u00bbgrid\u00a0\u00bb angled_section=\u00a0\u00bbno\u00a0\u00bb text_align=\u00a0\u00bbleft\u00a0\u00bb background_image_as_pattern=\u00a0\u00bbwithout_pattern\u00a0\u00bb background_color=\u00a0\u00bb#f3f3f3&Prime; css=\u00a0\u00bb.vc_custom_1604583124853{padding-top: 100px !important;padding-bottom: 100px !important;background-color: #f3f3f3 !important;}\u00a0\u00bb][vc_column width=\u00a0\u00bb1\/4&Prime;][vc_single_image image=\u00a0\u00bb15781&Prime; img_size=\u00a0\u00bbfull\u00a0\u00bb onclick=\u00a0\u00bbcustom_link\u00a0\u00bb qode_css_animation=\u00a0\u00bb\u00a0\u00bb link=\u00a0\u00bbhttps:\/\/ekiona.com\/farolas-solares\/serie-skyline\/\u00a0\u00bb][\/vc_column][vc_column width=\u00a0\u00bb3\/4&Prime;][vc_column_text css=\u00a0\u00bb.vc_custom_1763642140226{margin-bottom: 50px !important;}\u00a0\u00bb]<\/p>\n<h2>S\u00c9RIE SKYLINE<\/h2>\n<p>&nbsp;<\/p>\n<p>La solution d&rsquo;\u00e9clairage solaire intelligente sp\u00e9cialement con\u00e7ue pour les voies urbaines, les travers\u00e9es et les routes.[\/vc_column_text]<a  itemprop=\"url\" href=\"https:\/\/ekiona.com\/farolas-solares\/serie-skyline\/\" target=\"_self\" data-hover-background-color='#43403e' data-hover-border-color='#43403e' data-hover-color='#ffffff' class=\"qbutton  default\" style=\"color: #ffffff; border-color: #f3f3f3; background-color: #f2c417;\">VOIR PLUS<\/a>[\/vc_column][\/vc_row][vc_row css_animation=\u00a0\u00bb\u00a0\u00bb row_type=\u00a0\u00bbrow\u00a0\u00bb use_row_as_full_screen_section=\u00a0\u00bbyes\u00a0\u00bb type=\u00a0\u00bbgrid\u00a0\u00bb angled_section=\u00a0\u00bbno\u00a0\u00bb text_align=\u00a0\u00bbleft\u00a0\u00bb background_image_as_pattern=\u00a0\u00bbwithout_pattern\u00a0\u00bb css=\u00a0\u00bb.vc_custom_1522163005190{padding-top: 100px !important;padding-bottom: 100px !important;background-color: #f2c417 !important;}\u00a0\u00bb][vc_column width=\u00a0\u00bb3\/4&Prime;][vc_column_text css=\u00a0\u00bb.vc_custom_1763642159164{margin-bottom: 50px !important;}\u00a0\u00bb]<\/p>\n<h2>S\u00c9RIE BURIED<\/h2>\n<p>&nbsp;<\/p>\n<p>Le syst\u00e8me d&rsquo;\u00e9clairage solaire l\u00e9ger et simple.<br \/>\nPr\u00e9par\u00e9 pour des applications sp\u00e9ciales gr\u00e2ce \u00e0 la batterie enterr\u00e9e.[\/vc_column_text]<a  itemprop=\"url\" href=\"https:\/\/ekiona.com\/farolas-solares\/serie-buried\/\" target=\"_self\" data-hover-background-color='#43403e' data-hover-border-color='#43403e' data-hover-color='#ffffff' class=\"qbutton  default\" style=\"color: #000000; border-color: #f2c417; background-color: #ffffff;\">VOIR PLUS<\/a>[\/vc_column][vc_column width=\u00a0\u00bb1\/4&Prime;][vc_single_image image=\u00a0\u00bb22920&Prime; img_size=\u00a0\u00bbfull\u00a0\u00bb onclick=\u00a0\u00bbcustom_link\u00a0\u00bb qode_css_animation=\u00a0\u00bb\u00a0\u00bb link=\u00a0\u00bbhttps:\/\/ekiona.com\/farolas-solares\/serie-buried\/\u00a0\u00bb][\/vc_column][\/vc_row][vc_row css_animation=\u00a0\u00bb\u00a0\u00bb row_type=\u00a0\u00bbrow\u00a0\u00bb use_row_as_full_screen_section=\u00a0\u00bbno\u00a0\u00bb type=\u00a0\u00bbfull_width\u00a0\u00bb angled_section=\u00a0\u00bbno\u00a0\u00bb text_align=\u00a0\u00bbleft\u00a0\u00bb background_image_as_pattern=\u00a0\u00bbwithout_pattern\u00a0\u00bb background_color=\u00a0\u00bb#ffffff\u00a0\u00bb][vc_column][vc_column_text]<\/p>\n<p>[\/vc_column_text][vc_column_text css=\u00a0\u00bb.vc_custom_1763642182105{margin-top: 50px !important;}\u00a0\u00bb]<\/p>\n<h2 style=\"text-align: center;\">Notre technologie<\/h2>\n<p>&nbsp;<\/p>\n<p style=\"text-align: center;\">Syst\u00e8mes de derni\u00e8re g\u00e9n\u00e9ration pour une gestion intelligente de la luminosit\u00e9.<\/p>\n<p>[\/vc_column_text][\/vc_column][\/vc_row][vc_row css_animation=\u00a0\u00bb\u00a0\u00bb row_type=\u00a0\u00bbrow\u00a0\u00bb use_row_as_full_screen_section=\u00a0\u00bbno\u00a0\u00bb type=\u00a0\u00bbgrid\u00a0\u00bb angled_section=\u00a0\u00bbno\u00a0\u00bb text_align=\u00a0\u00bbleft\u00a0\u00bb background_image_as_pattern=\u00a0\u00bbwithout_pattern\u00a0\u00bb anchor=\u00a0\u00bbtecnologia\u00a0\u00bb css=\u00a0\u00bb.vc_custom_1525339045151{padding-top: 100px !important;padding-bottom: 80px !important;background-color: #ffffff !important;}\u00a0\u00bb el_class=\u00a0\u00bbtec\u00a0\u00bb][vc_column width=\u00a0\u00bb1\/2&Prime; css=\u00a0\u00bb.vc_custom_1521754993623{padding-right: 10% !important;padding-left: 10% !important;}\u00a0\u00bb][vc_single_image image=\u00a0\u00bb15915&Prime; img_size=\u00a0\u00bbfull\u00a0\u00bb alignment=\u00a0\u00bbcenter\u00a0\u00bb onclick=\u00a0\u00bbcustom_link\u00a0\u00bb qode_css_animation=\u00a0\u00bb\u00a0\u00bb link=\u00a0\u00bbhttps:\/\/ekiona.com\/kenlok-ilumek\/\u00a0\u00bb][vc_column_text css=\u00a0\u00bb.vc_custom_1763642222976{margin-top: 25px !important;margin-bottom: 15px !important;}\u00a0\u00bb]<\/p>\n<h3 style=\"text-align: center;\"><a title=\"CENTRALE INTELLIGENTE KENLOK\" href=\"https:\/\/ekiona.com\/fr\/kenlok-ilumek\/\">CENTRALE INTELLIGENTE KENLOK<\/a><\/h3>\n<p>[\/vc_column_text][vc_separator type=\u00a0\u00bbsmall\u00a0\u00bb position=\u00a0\u00bbcenter\u00a0\u00bb thickness=\u00a0\u00bb1&Prime;]<a  itemprop=\"url\" href=\"https:\/\/ekiona.com\/kenlok-ilumek\/\" target=\"_self\" data-hover-background-color='#43403e' data-hover-border-color='rgba(0,0,0,0.01)' data-hover-color='#ffffff' class=\"qbutton  medium center default\" style=\"color: #ffffff; border-color: rgba(0,0,0,0.01); margin: 30px 0px 30px 0px; background-color: #43403e;\">VOIR PLUS<\/a>[\/vc_column][vc_column width=\u00a0\u00bb1\/2&Prime; css=\u00a0\u00bb.vc_custom_1521755003399{padding-right: 10% !important;padding-left: 10% !important;}\u00a0\u00bb][vc_single_image image=\u00a0\u00bb19490&Prime; img_size=\u00a0\u00bbfull\u00a0\u00bb alignment=\u00a0\u00bbcenter\u00a0\u00bb onclick=\u00a0\u00bbcustom_link\u00a0\u00bb qode_css_animation=\u00a0\u00bb\u00a0\u00bb link=\u00a0\u00bbhttps:\/\/ekiona.com\/kenlok-ilumek\/#ilumek\u00a0\u00bb][vc_column_text css=\u00a0\u00bb.vc_custom_1763642244032{margin-top: 25px !important;margin-bottom: 15px !important;}\u00a0\u00bb]<\/p>\n<h3 style=\"text-align: center;\"><a title=\"SYST\u00c8ME DE T\u00c9L\u00c9GESTION ILUMEK\" href=\"https:\/\/ekiona.com\/fr\/kenlok-ilumek\/\">SYST\u00c8ME DE T\u00c9L\u00c9GESTION ILUMEK<\/a><\/h3>\n<p>[\/vc_column_text][vc_separator type=\u00a0\u00bbsmall\u00a0\u00bb position=\u00a0\u00bbcenter\u00a0\u00bb thickness=\u00a0\u00bb1&Prime;]<a  itemprop=\"url\" href=\"https:\/\/ekiona.com\/kenlok-ilumek\/#ilumek\" target=\"_self\" data-hover-background-color='#43403e' data-hover-border-color='rgba(0,0,0,0.01)' data-hover-color='#ffffff' class=\"qbutton  medium center default\" style=\"color: #ffffff; border-color: rgba(0,0,0,0.01); margin: 30px 0px 30px 0px; background-color: #43403e;\">VOIR PLUS<\/a>[\/vc_column][\/vc_row][vc_row css_animation=\u00a0\u00bb\u00a0\u00bb row_type=\u00a0\u00bbrow\u00a0\u00bb use_row_as_full_screen_section=\u00a0\u00bbno\u00a0\u00bb type=\u00a0\u00bbfull_width\u00a0\u00bb angled_section=\u00a0\u00bbno\u00a0\u00bb text_align=\u00a0\u00bbleft\u00a0\u00bb background_image_as_pattern=\u00a0\u00bbwithout_pattern\u00a0\u00bb][vc_column][\/vc_column][\/vc_row]<\/p>\n","protected":false},"excerpt":{"rendered":"<p>[vc_row css_animation=\u00a0\u00bb\u00a0\u00bb row_type=\u00a0\u00bbrow\u00a0\u00bb use_row_as_full_screen_section=\u00a0\u00bbno\u00a0\u00bb type=\u00a0\u00bbfull_width\u00a0\u00bb angled_section=\u00a0\u00bbno\u00a0\u00bb text_align=\u00a0\u00bbleft\u00a0\u00bb background_image_as_pattern=\u00a0\u00bbwithout_pattern\u00a0\u00bb][vc_column][vc_column_text][\/vc_column_text][\/vc_column][\/vc_row][vc_row css_animation=\u00a0\u00bb\u00a0\u00bb row_type=\u00a0\u00bbrow\u00a0\u00bb use_row_as_full_screen_section=\u00a0\u00bbno\u00a0\u00bb type=\u00a0\u00bbfull_width\u00a0\u00bb angled_section=\u00a0\u00bbno\u00a0\u00bb text_align=\u00a0\u00bbleft\u00a0\u00bb background_image_as_pattern=\u00a0\u00bbwithout_pattern\u00a0\u00bb][vc_column width=\u00a0\u00bb1\/4&Prime;][\/vc_column][vc_column width=\u00a0\u00bb1\/2&Prime; css=\u00a0\u00bb.vc_custom_1524035294921{padding-right: 15px !important;padding-left: 15px !important;}\u00a0\u00bb][vc_column_text] Mod\u00e8les [\/vc_column_text][vc_column_text el_class=\u00a0\u00bbjustify\u00a0\u00bb]Toutes les solutions d&rsquo;\u00e9clairage solaire que nous proposons s&rsquo;adaptent aux besoins actuels de chaque client. &nbsp; Le principal avantage des lampadaires&#8230;<\/p>\n","protected":false},"author":3,"featured_media":0,"parent":0,"menu_order":0,"comment_status":"closed","ping_status":"closed","template":"full_width.php","meta":{"_monsterinsights_skip_tracking":false,"_monsterinsights_sitenote_active":false,"_monsterinsights_sitenote_note":"","_monsterinsights_sitenote_category":0,"footnotes":""},"class_list":["post-16420","page","type-page","status-publish","hentry"],"aioseo_notices":[],"_links":{"self":[{"href":"https:\/\/ekiona.com\/fr\/wp-json\/wp\/v2\/pages\/16420"}],"collection":[{"href":"https:\/\/ekiona.com\/fr\/wp-json\/wp\/v2\/pages"}],"about":[{"href":"https:\/\/ekiona.com\/fr\/wp-json\/wp\/v2\/types\/page"}],"author":[{"embeddable":true,"href":"https:\/\/ekiona.com\/fr\/wp-json\/wp\/v2\/users\/3"}],"replies":[{"embeddable":true,"href":"https:\/\/ekiona.com\/fr\/wp-json\/wp\/v2\/comments?post=16420"}],"version-history":[{"count":2,"href":"https:\/\/ekiona.com\/fr\/wp-json\/wp\/v2\/pages\/16420\/revisions"}],"predecessor-version":[{"id":22923,"href":"https:\/\/ekiona.com\/fr\/wp-json\/wp\/v2\/pages\/16420\/revisions\/22923"}],"wp:attachment":[{"href":"https:\/\/ekiona.com\/fr\/wp-json\/wp\/v2\/media?parent=16420"}],"curies":[{"name":"wp","href":"https:\/\/api.w.org\/{rel}","templated":true}]}}