{"id":16444,"date":"2018-03-27T10:50:02","date_gmt":"2018-03-27T09:50:02","guid":{"rendered":"https:\/\/ekiona.com\/\/kenlok-ilumek\/"},"modified":"2018-05-17T21:22:54","modified_gmt":"2018-05-17T20:22:54","slug":"kenlok-ilumek","status":"publish","type":"page","link":"https:\/\/ekiona.com\/fr\/kenlok-ilumek\/","title":{"rendered":"KENLOK &#038; ILUMEK"},"content":{"rendered":"<p>[vc_row css_animation=\u00a0\u00bb\u00a0\u00bb row_type=\u00a0\u00bbrow\u00a0\u00bb use_row_as_full_screen_section=\u00a0\u00bbyes\u00a0\u00bb type=\u00a0\u00bbgrid\u00a0\u00bb angled_section=\u00a0\u00bbno\u00a0\u00bb text_align=\u00a0\u00bbleft\u00a0\u00bb background_image_as_pattern=\u00a0\u00bbwithout_pattern\u00a0\u00bb css=\u00a0\u00bb.vc_custom_1524052611020{margin-bottom: 100px !important;}\u00a0\u00bb][vc_column][vc_column_text]<\/p>\n<h2>UNIT\u00c9 DE COMMANDE INTELLIGENTE KENLOK<\/h2>\n<p>[\/vc_column_text][vc_row_inner row_type=\u00a0\u00bbrow\u00a0\u00bb type=\u00a0\u00bbfull_width\u00a0\u00bb text_align=\u00a0\u00bbleft\u00a0\u00bb css_animation=\u00a0\u00bb\u00a0\u00bb][vc_column_inner width=\u00a0\u00bb1\/2&Prime; css=\u00a0\u00bb.vc_custom_1524125339026{margin-top: 50px !important;}\u00a0\u00bb][vc_column_text]Toutes nos solutions d&rsquo;\u00e9clairage solaire peuvent int\u00e9grer l&rsquo;unit\u00e9 de contr\u00f4le \u00e9lectronique intelligente KENLOK qui est en charge de contr\u00f4ler tous les param\u00e8tres de la lampe pour le bon fonctionnement du syst\u00e8me, gr\u00e2ce \u00e0 un algorithme de contr\u00f4le d\u00e9velopp\u00e9 et optimis\u00e9 par notre d\u00e9partement R + D + i.<\/p>\n<p>&nbsp;<\/p>\n<p>L&rsquo;unit\u00e9 de contr\u00f4le g\u00e8re les valeurs des panneaux solaires photovolta\u00efques, g\u00e8re la charge des batteries et les consommations des luminaires LED pour assurer l&rsquo;\u00e9clairage toute la nuit, tous les jours de l&rsquo;ann\u00e9e.<\/p>\n<p>&nbsp;<\/p>\n<p>Cette solution peut \u00eatre \u00e9labor\u00e9e de mani\u00e8re personnalis\u00e9e, car elle permet d&rsquo;int\u00e9grer diff\u00e9rents \u00e9l\u00e9ments tels que des d\u00e9tecteurs de pr\u00e9sence, des capteurs cr\u00e9pusculaires, des capteurs de temp\u00e9rature, etc. \u00e0 la demande du client.[\/vc_column_text][\/vc_column_inner][vc_column_inner el_class=\u00a0\u00bblimit\u00a0\u00bb width=\u00a0\u00bb1\/2&Prime;][vc_single_image image=\u00a0\u00bb16790&Prime; img_size=\u00a0\u00bbfull\u00a0\u00bb alignment=\u00a0\u00bbcenter\u00a0\u00bb qode_css_animation=\u00a0\u00bb\u00a0\u00bb][\/vc_column_inner][\/vc_row_inner][vc_column_text css=\u00a0\u00bb.vc_custom_1526588188617{margin-top: 100px !important;margin-bottom: 50px !important;}\u00a0\u00bb]<\/p>\n<h4 style=\"text-align: left;\">FONCTIONNEMENT D&rsquo;UNE LAMPADAIRE SOLAIRE<\/h4>\n<p>[\/vc_column_text][vc_column_text]Le rayonnement solaire disponible, et donc l&rsquo;absorption d&rsquo;\u00e9nergie, peut \u00eatre limit\u00e9 par la latitude dans laquelle nous nous trouvons. Elle peut aussi affecter au \u00e9clairage dans la p\u00e9riode la plus d\u00e9favorable (hiver).<\/p>\n<p>&nbsp;<\/p>\n<p>Par cons\u00e9quent, un lampadaire solaire conventionnel, avec un panneau solaire photovolta\u00efque, peut ne pas s&rsquo;allumer pendant toutes les heures de la nuit d&rsquo;hiver en raison de la faible consommation d&rsquo;\u00e9nergie et de la grande nuit.[\/vc_column_text][vc_empty_space height=\u00a0\u00bb50px\u00a0\u00bb][rev_slider_vc alias=\u00a0\u00bbkenlok\u00a0\u00bb][vc_empty_space height=\u00a0\u00bb100px\u00a0\u00bb][vc_column_text]<\/p>\n<h4 style=\"text-align: center;\">AVANTAGES DU SYST\u00c8ME DE R\u00c9GULATION \u00c9LECTRONIQUE EXCLUSIF<\/h4>\n<p>[\/vc_column_text][vc_empty_space height=\u00a0\u00bb50px\u00a0\u00bb][vc_row_inner row_type=\u00a0\u00bbrow\u00a0\u00bb type=\u00a0\u00bbfull_width\u00a0\u00bb text_align=\u00a0\u00bbleft\u00a0\u00bb css_animation=\u00a0\u00bb\u00a0\u00bb][vc_column_inner width=\u00a0\u00bb1\/4&Prime;][\/vc_column_inner][vc_column_inner width=\u00a0\u00bb1\/2&Prime;][vc_column_text]<\/p>\n<ul>\n<li>Contr\u00f4le de tous les param\u00e8tres du lampadaire solaire: panneau, batterie, luminaire, etc.<\/li>\n<li>Gestion optimale de la consommation d&rsquo;\u00e9nergie en fonction de l&rsquo;\u00e9tat de charge de la batterie.<\/li>\n<li>Changement automatique d&rsquo;heure hiver-\u00e9t\u00e9.<\/li>\n<li>Algorithme de contr\u00f4le de la luminosit\u00e9.<\/li>\n<li>Syst\u00e8me de mesure de tension et de temp\u00e9rature<\/li>\n<\/ul>\n<p>[\/vc_column_text][\/vc_column_inner][vc_column_inner width=\u00a0\u00bb1\/4&Prime;][\/vc_column_inner][\/vc_row_inner][\/vc_column][\/vc_row][vc_row css_animation=\u00a0\u00bb\u00a0\u00bb row_type=\u00a0\u00bbrow\u00a0\u00bb use_row_as_full_screen_section=\u00a0\u00bbyes\u00a0\u00bb type=\u00a0\u00bbgrid\u00a0\u00bb angled_section=\u00a0\u00bbno\u00a0\u00bb text_align=\u00a0\u00bbleft\u00a0\u00bb background_image_as_pattern=\u00a0\u00bbwithout_pattern\u00a0\u00bb css=\u00a0\u00bb.vc_custom_1523261402152{padding-top: 100px !important;padding-bottom: 100px !important;background-color: #f3f3f3 !important;}\u00a0\u00bb el_id=\u00a0\u00bbilumek\u00a0\u00bb][vc_column][vc_column_text]<\/p>\n<h2>SYST\u00c9ME DE T\u00c9L\u00c9GESTION ILUMEK<\/h2>\n<p>[\/vc_column_text][vc_row_inner row_type=\u00a0\u00bbrow\u00a0\u00bb type=\u00a0\u00bbfull_width\u00a0\u00bb text_align=\u00a0\u00bbleft\u00a0\u00bb css_animation=\u00a0\u00bb\u00a0\u00bb][vc_column_inner width=\u00a0\u00bb1\/2&Prime; css=\u00a0\u00bb.vc_custom_1524125350071{margin-top: 50px !important;}\u00a0\u00bb][vc_column_text]Dans <a href=\"http:\/\/www.ekiona.com\/\" target=\"_blank\" rel=\"noopener\"><strong>EKIONA<\/strong><\/a> \u00c9clairage solaire, nous avons d\u00e9velopp\u00e9 le syst\u00e8me int\u00e9gral de T\u00e9l\u00e9gestion ILUMEK, une solution innovante pour le contr\u00f4le et la surveillance de l&rsquo;\u00e9clairage solaire. Chaque r\u00e9verb\u00e8re dispose d&rsquo;un syst\u00e8me de communication sans fil de pointe qui transmet p\u00e9riodiquement des donn\u00e9es aux autres r\u00e9verb\u00e8res pour conna\u00eetre le statut de chacun d&rsquo;entre eux.<\/p>\n<p>&nbsp;<\/p>\n<p>L&rsquo;installation des lampadaires dispose d&rsquo;un dispositif de communication sans fil qui centralise les informations et les envoie au centre de gestion \u00e0 partir duquel l&rsquo;\u00e9tat de l&rsquo;installation peut \u00eatre surveill\u00e9. Le module de communication sans fil envoie les donn\u00e9es \u00e0 un serveur qui stocke et g\u00e8re les donn\u00e9es re\u00e7ues.[\/vc_column_text][\/vc_column_inner][vc_column_inner el_class=\u00a0\u00bblimit\u00a0\u00bb width=\u00a0\u00bb1\/2&Prime; css=\u00a0\u00bb.vc_custom_1524227541129{padding-left: 10% !important;}\u00a0\u00bb][vc_single_image image=\u00a0\u00bb16387&Prime; img_size=\u00a0\u00bbfull\u00a0\u00bb alignment=\u00a0\u00bbcenter\u00a0\u00bb qode_css_animation=\u00a0\u00bb\u00a0\u00bb][\/vc_column_inner][\/vc_row_inner][vc_row_inner row_type=\u00a0\u00bbrow\u00a0\u00bb type=\u00a0\u00bbfull_width\u00a0\u00bb text_align=\u00a0\u00bbleft\u00a0\u00bb css_animation=\u00a0\u00bb\u00a0\u00bb css=\u00a0\u00bb.vc_custom_1523261633882{margin-top: 100px !important;margin-bottom: 100px !important;}\u00a0\u00bb][vc_column_inner el_class=\u00a0\u00bblimit\u00a0\u00bb width=\u00a0\u00bb1\/2&Prime;][vc_single_image image=\u00a0\u00bb16059&Prime; img_size=\u00a0\u00bbfull\u00a0\u00bb alignment=\u00a0\u00bbcenter\u00a0\u00bb qode_css_animation=\u00a0\u00bb\u00a0\u00bb][\/vc_column_inner][vc_column_inner width=\u00a0\u00bb1\/2&Prime; css=\u00a0\u00bb.vc_custom_1524227592611{margin-top: 0px !important;}\u00a0\u00bb][vc_column_text]<span lang=\"FR\"><a href=\"http:\/\/ilumek.com\" target=\"_blank\" rel=\"noopener\">ILUMEK<\/a>, permet \u00e0 l&rsquo;utilisateur d&rsquo;acc\u00e9der \u00e0 leur installation de lampadaires solaires depuis n&rsquo;importe quel appareil connect\u00e9 \u00e0 Internet. Vous saurez \u00e0 tout moment la situation de chacune des lampes de votre installation, ainsi que visualiser les \u00e9tats de charge des batteries, le niveau d&rsquo;\u00e9clairement, la s\u00e9curit\u00e9, etc. Vous pouvez \u00e9galement modifier les param\u00e8tres d&rsquo;\u00e9clairage et le calendrier que vous jugez appropri\u00e9s \u00e0 votre discr\u00e9tion.<\/span>[\/vc_column_text][\/vc_column_inner][\/vc_row_inner][vc_column_text]<\/p>\n<h4 style=\"text-align: center;\">AVANTAGES DU SYST\u00c8ME DE T\u00c9L\u00c9GESTION D&rsquo;\u00c9CLAIRAGE SOLAIRE<\/h4>\n<p>[\/vc_column_text][vc_row_inner row_type=\u00a0\u00bbrow\u00a0\u00bb type=\u00a0\u00bbfull_width\u00a0\u00bb text_align=\u00a0\u00bbleft\u00a0\u00bb css_animation=\u00a0\u00bb\u00a0\u00bb css=\u00a0\u00bb.vc_custom_1523891667047{margin-top: 50px !important;}\u00a0\u00bb][vc_column_inner width=\u00a0\u00bb1\/4&Prime;][\/vc_column_inner][vc_column_inner width=\u00a0\u00bb1\/2&Prime;][vc_column_text]<\/p>\n<ul>\n<li>R\u00e9duction des co\u00fbts de maintenance dus au t\u00e9l\u00e9gestion.<\/li>\n<li>Installation, d\u00e9marrage et mise \u00e0 jour sans frais suppl\u00e9mentaires.<\/li>\n<li>Mode de fonctionnement ECO pour \u00e9conomiser l&rsquo;\u00e9nergie.<\/li>\n<li>Electronique basse consommation.<\/li>\n<li>Optimisation de l&rsquo;autonomie en contr\u00f4lant le niveau d&rsquo;\u00e9clairement.<\/li>\n<li>Notifications via EMAIL et SMS sur l&rsquo;\u00e9tat des lampadaires solaires.<\/li>\n<li>Diff\u00e9rents niveaux de s\u00e9curit\u00e9 dans l&rsquo;acc\u00e8s et le contr\u00f4le du syst\u00e8me de t\u00e9l\u00e9gestion.<\/li>\n<li>R\u00e9duction des \u00e9missions de polluants dans l&rsquo;atmosph\u00e8re (CO2, SO2, NOX).<\/li>\n<li>Minimise l&rsquo;effet de serre et pr\u00e9vient l&rsquo;abattage des arbres.<br \/>\nvid\u00e9o explicative<\/li>\n<\/ul>\n<p>[\/vc_column_text][\/vc_column_inner][vc_column_inner width=\u00a0\u00bb1\/4&Prime;][\/vc_column_inner][\/vc_row_inner][\/vc_column][\/vc_row]<\/p>\n","protected":false},"excerpt":{"rendered":"<p>[vc_row css_animation=\u00a0\u00bb\u00a0\u00bb row_type=\u00a0\u00bbrow\u00a0\u00bb use_row_as_full_screen_section=\u00a0\u00bbyes\u00a0\u00bb type=\u00a0\u00bbgrid\u00a0\u00bb angled_section=\u00a0\u00bbno\u00a0\u00bb text_align=\u00a0\u00bbleft\u00a0\u00bb background_image_as_pattern=\u00a0\u00bbwithout_pattern\u00a0\u00bb css=\u00a0\u00bb.vc_custom_1524052611020{margin-bottom: 100px !important;}\u00a0\u00bb][vc_column][vc_column_text] UNIT\u00c9 DE COMMANDE INTELLIGENTE KENLOK [\/vc_column_text][vc_row_inner row_type=\u00a0\u00bbrow\u00a0\u00bb type=\u00a0\u00bbfull_width\u00a0\u00bb text_align=\u00a0\u00bbleft\u00a0\u00bb css_animation=\u00a0\u00bb\u00a0\u00bb][vc_column_inner width=\u00a0\u00bb1\/2&Prime; css=\u00a0\u00bb.vc_custom_1524125339026{margin-top: 50px !important;}\u00a0\u00bb][vc_column_text]Toutes nos solutions d&rsquo;\u00e9clairage solaire peuvent int\u00e9grer l&rsquo;unit\u00e9 de contr\u00f4le \u00e9lectronique intelligente KENLOK qui est en charge de contr\u00f4ler tous les&#8230;<\/p>\n","protected":false},"author":3,"featured_media":0,"parent":0,"menu_order":0,"comment_status":"closed","ping_status":"closed","template":"full_width.php","meta":{"_monsterinsights_skip_tracking":false,"_monsterinsights_sitenote_active":false,"_monsterinsights_sitenote_note":"","_monsterinsights_sitenote_category":0,"footnotes":""},"class_list":["post-16444","page","type-page","status-publish","hentry"],"aioseo_notices":[],"_links":{"self":[{"href":"https:\/\/ekiona.com\/fr\/wp-json\/wp\/v2\/pages\/16444"}],"collection":[{"href":"https:\/\/ekiona.com\/fr\/wp-json\/wp\/v2\/pages"}],"about":[{"href":"https:\/\/ekiona.com\/fr\/wp-json\/wp\/v2\/types\/page"}],"author":[{"embeddable":true,"href":"https:\/\/ekiona.com\/fr\/wp-json\/wp\/v2\/users\/3"}],"replies":[{"embeddable":true,"href":"https:\/\/ekiona.com\/fr\/wp-json\/wp\/v2\/comments?post=16444"}],"version-history":[{"count":0,"href":"https:\/\/ekiona.com\/fr\/wp-json\/wp\/v2\/pages\/16444\/revisions"}],"wp:attachment":[{"href":"https:\/\/ekiona.com\/fr\/wp-json\/wp\/v2\/media?parent=16444"}],"curies":[{"name":"wp","href":"https:\/\/api.w.org\/{rel}","templated":true}]}}