{"id":16452,"date":"2018-03-27T11:10:02","date_gmt":"2018-03-27T10:10:02","guid":{"rendered":"https:\/\/ekiona.com\/\/una-apuesta-segura\/"},"modified":"2018-07-12T14:33:10","modified_gmt":"2018-07-12T13:33:10","slug":"un-pari-securise","status":"publish","type":"page","link":"https:\/\/ekiona.com\/fr\/un-pari-securise\/","title":{"rendered":"Un pari s\u00e9curis\u00e9"},"content":{"rendered":"<p>[vc_row css_animation=\u00a0\u00bb\u00a0\u00bb row_type=\u00a0\u00bbrow\u00a0\u00bb use_row_as_full_screen_section=\u00a0\u00bbyes\u00a0\u00bb type=\u00a0\u00bbgrid\u00a0\u00bb angled_section=\u00a0\u00bbno\u00a0\u00bb text_align=\u00a0\u00bbleft\u00a0\u00bb background_image_as_pattern=\u00a0\u00bbwithout_pattern\u00a0\u00bb css=\u00a0\u00bb.vc_custom_1524228109834{padding-top: 100px !important;padding-bottom: 100px !important;}\u00a0\u00bb el_id=\u00a0\u00bbfarola\u00a0\u00bb][vc_column]<div class='q_icon_with_title medium normal_icon '><div class=\"icon_holder \" style=\" \"><span data-icon-type=\"normal\"  data-icon-hover-color=\"#43403e\" style=\"\" class=\"qode_iwt_icon_holder q_font_awsome_icon fa-3x  \"><i class=\"qode_icon_font_awesome fa fa-spinner qode_iwt_icon_element\" style=\"color: #43403e;\" ><\/i><\/span><\/div><div class=\"icon_text_holder\" style=\"\"><div class=\"icon_text_inner\" style=\"\"><h2 class=\"icon_title\" style=\"color: #43403e;font-weight: 800;\">REVERBERE <\/h2><p style=''>INTELLIGENT<\/p><\/div><\/div><\/div>[vc_row_inner row_type=\u00a0\u00bbrow\u00a0\u00bb type=\u00a0\u00bbgrid\u00a0\u00bb text_align=\u00a0\u00bbleft\u00a0\u00bb css_animation=\u00a0\u00bb\u00a0\u00bb css=\u00a0\u00bb.vc_custom_1522918796409{margin-top: 50px !important;}\u00a0\u00bb][vc_column_inner][vc_column_text css=\u00a0\u00bb.vc_custom_1531402385376{margin-top: 20px !important;}\u00a0\u00bb]Pour assurer l&rsquo;\u00e9clairage public tout au long de la nuit, nous avons d\u00e9velopp\u00e9 \u00e0 la fois l&rsquo;unit\u00e9 de commande \u00e9lectronique <a href=\"https:\/\/ekiona.com\/fr\/kenlok-ilumek\/\">KENLOK<\/a> et le syst\u00e8me de t\u00e9l\u00e9gestion intelligent <a href=\"https:\/\/ekiona.com\/fr\/kenlok-ilumek\/#ilumek\">ILUMEK<\/a>.<\/p>\n<p>&nbsp;<\/p>\n<p>Notre syst\u00e8me \u00e9lectronique est capable d&rsquo;auto-g\u00e9rer la charge de la batterie, en \u00e9vitant l&rsquo;exc\u00e8s de d\u00e9charge et de surcharge. C&rsquo;est un syst\u00e8me enti\u00e8rement programmable qui optimise efficacement la consommation d&rsquo;\u00e9nergie.<\/p>\n<p>&nbsp;<\/p>\n<p>Gr\u00e2ce \u00e0 un ensemble de protocoles de haut niveau et \u00e0 une communication sans fil de faible puissance appel\u00e9e Zigbee\/RF, les r\u00e9verb\u00e8res solaires EKIONA peuvent communiquer entre elles, fournir les informations requises et les envoyer \u00e0 un centre de gestion.<\/p>\n<p>&nbsp;<\/p>\n<p>Dans ILUMEK, l&rsquo;utilisateur peut acc\u00e9der \u00e0 son installation de lampadaires solaires depuis n&rsquo;importe quel appareil connect\u00e9 \u00e0 Internet. Vous saurez en temps r\u00e9el la situation de chacun des lampadaires de votre installation, en visualisant les \u00e9tats de charge des batteries, le niveau d&rsquo;\u00e9clairement, la s\u00e9curit\u00e9, etc.<\/p>\n<p>&nbsp;<\/p>\n<p>Vous pouvez \u00e9galement modifier les param\u00e8tres d&rsquo;\u00e9clairage et le calendrier que vous jugez appropri\u00e9s \u00e0 votre discr\u00e9tion.[\/vc_column_text][\/vc_column_inner][\/vc_row_inner][\/vc_column][\/vc_row][vc_row css_animation=\u00a0\u00bb\u00a0\u00bb row_type=\u00a0\u00bbrow\u00a0\u00bb use_row_as_full_screen_section=\u00a0\u00bbyes\u00a0\u00bb type=\u00a0\u00bbgrid\u00a0\u00bb angled_section=\u00a0\u00bbno\u00a0\u00bb text_align=\u00a0\u00bbleft\u00a0\u00bb background_image_as_pattern=\u00a0\u00bbwithout_pattern\u00a0\u00bb css=\u00a0\u00bb.vc_custom_1524228123446{padding-top: 100px !important;padding-bottom: 100px !important;background-color: #f3f3f3 !important;}\u00a0\u00bb el_id=\u00a0\u00bbfiabilidad\u00a0\u00bb][vc_column]<div class='q_icon_with_title medium normal_icon right '><div class=\"icon_holder \" style=\" \"><span data-icon-type=\"normal\"  data-icon-hover-color=\"#43403e\" style=\"\" class=\"qode_iwt_icon_holder q_font_awsome_icon fa-3x  \"><i class=\"qode_icon_font_awesome fa fa-shield qode_iwt_icon_element\" style=\"color: #43403e;\" ><\/i><\/span><\/div><div class=\"icon_text_holder\" style=\"\"><div class=\"icon_text_inner\" style=\"\"><h2 class=\"icon_title\" style=\"color: #43403e;font-weight: 800;\">FIABILITE <\/h2><p style=''>MAXIMALE<\/p><\/div><\/div><\/div>[vc_row_inner row_type=\u00a0\u00bbrow\u00a0\u00bb type=\u00a0\u00bbfull_width\u00a0\u00bb text_align=\u00a0\u00bbleft\u00a0\u00bb css_animation=\u00a0\u00bb\u00a0\u00bb css=\u00a0\u00bb.vc_custom_1525790779941{margin-top: 50px !important;}\u00a0\u00bb][vc_column_inner][vc_column_text]Chez EKIONA, nous avons choisi de cr\u00e9er des \u00e9quipes de travail sp\u00e9cifiques pour les meilleures solutions de conception, d&rsquo;\u00e9lectronique et d&rsquo;optique de r\u00e9verb\u00e8re.<\/p>\n<p>&nbsp;<\/p>\n<p>Nous d\u00e9veloppons toute la partie m\u00e9canique de la mise en \u0153uvre, en am\u00e9liorant le comportement et les qualit\u00e9s des composants, en s&rsquo;adaptant aux derni\u00e8res technologies et en proposant des produits de derni\u00e8re g\u00e9n\u00e9ration.<\/p>\n<p>&nbsp;<\/p>\n<ul>\n<li>Nouveaux mat\u00e9riaux pour les colonnes, avec des finitions pour augmenter la durabilit\u00e9 \u00e0 l&rsquo;air libre.<\/li>\n<li>Nouvelles conceptions de la tr\u00e9mie dans le but d&rsquo;offrir un r\u00e9sultat optimal \u00e0 la fois esth\u00e9tique et m\u00e9canique.<\/li>\n<li>Recherche des meilleurs composants pour optimiser les performances; panneaux photovolta\u00efques, batteries, capteurs, etc.<\/li>\n<li>Diff\u00e9rents processus d&rsquo;assemblage afin d&rsquo;acc\u00e9l\u00e9rer l&rsquo;ex\u00e9cution de l&rsquo;installation.<\/li>\n<\/ul>\n<p>&nbsp;<\/p>\n<p>Nous int\u00e9grons constamment de nouvelles technologies dans le domaine de l&rsquo;\u00e9lectronique, en recherchant toujours la simplicit\u00e9, la fiabilit\u00e9 et les \u00e9conomies d&rsquo;\u00e9nergie.[\/vc_column_text][\/vc_column_inner][\/vc_row_inner][\/vc_column][\/vc_row][vc_row css_animation=\u00a0\u00bb\u00a0\u00bb row_type=\u00a0\u00bbrow\u00a0\u00bb use_row_as_full_screen_section=\u00a0\u00bbyes\u00a0\u00bb type=\u00a0\u00bbgrid\u00a0\u00bb angled_section=\u00a0\u00bbno\u00a0\u00bb text_align=\u00a0\u00bbleft\u00a0\u00bb background_image_as_pattern=\u00a0\u00bbwithout_pattern\u00a0\u00bb css=\u00a0\u00bb.vc_custom_1524228155746{padding-top: 100px !important;padding-bottom: 100px !important;}\u00a0\u00bb el_id=\u00a0\u00bbeficiencia\u00a0\u00bb][vc_column]<div class='q_icon_with_title medium normal_icon '><div class=\"icon_holder \" style=\" \"><span data-icon-type=\"normal\"  data-icon-hover-color=\"#43403e\" style=\"\" class=\"qode_iwt_icon_holder q_font_awsome_icon fa-3x  \"><i class=\"qode_icon_font_awesome fa fa-lightbulb-o qode_iwt_icon_element\" style=\"color: #43403e;\" ><\/i><\/span><\/div><div class=\"icon_text_holder\" style=\"\"><div class=\"icon_text_inner\" style=\"\"><h2 class=\"icon_title\" style=\"color: #43403e;font-weight: 800;\">LED HAUTE <\/h2><p style=''>EFFICACITE<\/p><\/div><\/div><\/div>[vc_row_inner row_type=\u00a0\u00bbrow\u00a0\u00bb type=\u00a0\u00bbfull_width\u00a0\u00bb text_align=\u00a0\u00bbleft\u00a0\u00bb css_animation=\u00a0\u00bb\u00a0\u00bb css=\u00a0\u00bb.vc_custom_1525790820113{margin-top: 50px !important;}\u00a0\u00bb][vc_column_inner][vc_column_text]La technologie LED, en constante \u00e9volution, offre une tr\u00e8s faible consommation et un rendement lumineux \u00e9lev\u00e9, entre 80 et 130 lumens par watt (lm \/ w), estimant sa dur\u00e9e de vie utile en plus de 50 000 heures d&rsquo;utilisation.<\/p>\n<p>&nbsp;<\/p>\n<p>L&rsquo;une des caract\u00e9ristiques les plus importantes dans les syst\u00e8mes LED est le haut niveau de contr\u00f4le offert, \u00e9tant en mesure de g\u00e9rer leur fonctionnement et la luminosit\u00e9 en fonction des besoins ou des exigences de l&rsquo;utilisateur.<\/p>\n<p>&nbsp;<\/p>\n<p>En contact direct avec les leaders dans la fabrication de syst\u00e8mes d&rsquo;\u00e9clairage bas\u00e9s sur la technologie LED, EKIONA \u00c9clairage Solaire adapte la technologie offrant les meilleurs r\u00e9sultats en termes d&rsquo;efficacit\u00e9 \u00e9nerg\u00e9tique et d&rsquo;\u00e9volution technologique.[\/vc_column_text][\/vc_column_inner][\/vc_row_inner][\/vc_column][\/vc_row][vc_row css_animation=\u00a0\u00bb\u00a0\u00bb row_type=\u00a0\u00bbrow\u00a0\u00bb use_row_as_full_screen_section=\u00a0\u00bbyes\u00a0\u00bb type=\u00a0\u00bbgrid\u00a0\u00bb angled_section=\u00a0\u00bbno\u00a0\u00bb text_align=\u00a0\u00bbleft\u00a0\u00bb background_image_as_pattern=\u00a0\u00bbwithout_pattern\u00a0\u00bb css=\u00a0\u00bb.vc_custom_1524228147916{padding-top: 100px !important;padding-bottom: 100px !important;background-color: #f3f3f3 !important;}\u00a0\u00bb el_id=\u00a0\u00bbcorrosion\u00a0\u00bb][vc_column]<div class='q_icon_with_title medium normal_icon right '><div class=\"icon_holder \" style=\" \"><span data-icon-type=\"normal\"  data-icon-hover-color=\"#43403e\" style=\"\" class=\"qode_iwt_icon_holder q_font_awsome_icon fa-3x  \"><i class=\"qode_icon_font_awesome fa fa-hourglass qode_iwt_icon_element\" style=\"color: #43403e;\" ><\/i><\/span><\/div><div class=\"icon_text_holder\" style=\"\"><div class=\"icon_text_inner\" style=\"\"><h2 class=\"icon_title\" style=\"color: #43403e;font-weight: 800;\">R\u00c9SISTANCE <\/h2><p style=''>\u00c0 LA CORROSION<\/p><\/div><\/div><\/div>[vc_row_inner row_type=\u00a0\u00bbrow\u00a0\u00bb type=\u00a0\u00bbgrid\u00a0\u00bb text_align=\u00a0\u00bbleft\u00a0\u00bb css_animation=\u00a0\u00bb\u00a0\u00bb css=\u00a0\u00bb.vc_custom_1525790831713{margin-top: 50px !important;}\u00a0\u00bb][vc_column_inner][vc_column_text]Les diff\u00e9rents \u00e9l\u00e9ments qui composent les lampes solaires que nous fabriquons ont des traitements inoxydables, augmentant leur r\u00e9sistance \u00e0 la corrosion jusqu&rsquo;\u00e0 environ 20 ans.<\/p>\n<p>&nbsp;<\/p>\n<p>La colonne et la tr\u00e9mie sont fabriqu\u00e9s en acier galvanis\u00e9. Ce type d&rsquo;acier trait\u00e9 a un traitement final qui prot\u00e8ge l&rsquo;acier lui-m\u00eame, l&#8217;emp\u00eachant de s&rsquo;oxyder. Nous offrons \u00e9galement une protection suppl\u00e9mentaire avec des peintures sp\u00e9ciales pour une application dans des environnements salins.[\/vc_column_text][\/vc_column_inner][\/vc_row_inner][\/vc_column][\/vc_row]<\/p>\n","protected":false},"excerpt":{"rendered":"<p>[vc_row css_animation=\u00a0\u00bb\u00a0\u00bb row_type=\u00a0\u00bbrow\u00a0\u00bb use_row_as_full_screen_section=\u00a0\u00bbyes\u00a0\u00bb type=\u00a0\u00bbgrid\u00a0\u00bb angled_section=\u00a0\u00bbno\u00a0\u00bb text_align=\u00a0\u00bbleft\u00a0\u00bb background_image_as_pattern=\u00a0\u00bbwithout_pattern\u00a0\u00bb css=\u00a0\u00bb.vc_custom_1524228109834{padding-top: 100px !important;padding-bottom: 100px !important;}\u00a0\u00bb el_id=\u00a0\u00bbfarola\u00a0\u00bb][vc_column][vc_row_inner row_type=\u00a0\u00bbrow\u00a0\u00bb type=\u00a0\u00bbgrid\u00a0\u00bb text_align=\u00a0\u00bbleft\u00a0\u00bb css_animation=\u00a0\u00bb\u00a0\u00bb css=\u00a0\u00bb.vc_custom_1522918796409{margin-top: 50px !important;}\u00a0\u00bb][vc_column_inner][vc_column_text css=\u00a0\u00bb.vc_custom_1531402385376{margin-top: 20px !important;}\u00a0\u00bb]Pour assurer l&rsquo;\u00e9clairage public tout au long de la nuit, nous avons d\u00e9velopp\u00e9 \u00e0 la fois l&rsquo;unit\u00e9 de commande \u00e9lectronique KENLOK et&#8230;<\/p>\n","protected":false},"author":3,"featured_media":0,"parent":0,"menu_order":0,"comment_status":"closed","ping_status":"closed","template":"full_width.php","meta":{"_monsterinsights_skip_tracking":false,"_monsterinsights_sitenote_active":false,"_monsterinsights_sitenote_note":"","_monsterinsights_sitenote_category":0,"footnotes":""},"class_list":["post-16452","page","type-page","status-publish","hentry"],"aioseo_notices":[],"_links":{"self":[{"href":"https:\/\/ekiona.com\/fr\/wp-json\/wp\/v2\/pages\/16452"}],"collection":[{"href":"https:\/\/ekiona.com\/fr\/wp-json\/wp\/v2\/pages"}],"about":[{"href":"https:\/\/ekiona.com\/fr\/wp-json\/wp\/v2\/types\/page"}],"author":[{"embeddable":true,"href":"https:\/\/ekiona.com\/fr\/wp-json\/wp\/v2\/users\/3"}],"replies":[{"embeddable":true,"href":"https:\/\/ekiona.com\/fr\/wp-json\/wp\/v2\/comments?post=16452"}],"version-history":[{"count":0,"href":"https:\/\/ekiona.com\/fr\/wp-json\/wp\/v2\/pages\/16452\/revisions"}],"wp:attachment":[{"href":"https:\/\/ekiona.com\/fr\/wp-json\/wp\/v2\/media?parent=16452"}],"curies":[{"name":"wp","href":"https:\/\/api.w.org\/{rel}","templated":true}]}}