{"id":16417,"date":"2015-04-16T10:44:20","date_gmt":"2015-04-16T10:44:20","guid":{"rendered":"https:\/\/ekiona.com\/\/empresa\/"},"modified":"2022-01-27T15:08:23","modified_gmt":"2022-01-27T14:08:23","slug":"sobre-nos","status":"publish","type":"page","link":"https:\/\/ekiona.com\/pt-pt\/sobre-nos\/","title":{"rendered":"Sobre n\u00f3s"},"content":{"rendered":"<p>[vc_row css_animation=&#8221;&#8221; row_type=&#8221;row&#8221; use_row_as_full_screen_section=&#8221;no&#8221; type=&#8221;grid&#8221; angled_section=&#8221;no&#8221; text_align=&#8221;center&#8221; background_image_as_pattern=&#8221;without_pattern&#8221; background_color=&#8221;#ffffff&#8221;][vc_column][vc_column_text]<\/p>\n<h2 style=\"text-align: left;\">Hist\u00f3ria<\/h2>\n<p>[\/vc_column_text][vc_row_inner row_type=&#8221;row&#8221; type=&#8221;grid&#8221; text_align=&#8221;left&#8221; css_animation=&#8221;&#8221; padding_top=&#8221;25&#8243; padding_bottom=&#8221;0&#8243;][vc_column_inner width=&#8221;1\/2&#8243; css=&#8221;.vc_custom_1522080386404{padding-right: 5% !important;}&#8221;][vc_column_text]EKIONA Ilumina\u00e7\u00e3o Solar \u00e9 uma empresa localizada no Parque Tecnol\u00f3gico de Miram\u00f3n (San Sebasti\u00e1n \u2013 Espanha) especializa em oferecer, desde 2010, solu\u00e7\u00f5es de ilumina\u00e7\u00e3o solar adaptadas a cada situa\u00e7\u00e3o.<\/p>\n<p>&nbsp;<\/p>\n<p>Gra\u00e7as \u00e0 vasta experi\u00eancia no setor de energias renov\u00e1veis, nos especializamos em projetar, desenvolver, fabricar e comercializar postes de ilumina\u00e7\u00e3o solar. Nossas solu\u00e7\u00f5es se baseiam no uso da energia solar\u00a0 da tecnologia LED.<\/p>\n<p>&nbsp;<\/p>\n<p><span lang=\"PT-BR\">Somos uma equipe jovem, din\u00e2mica e multidisciplinar com ampla experi\u00eancia no setor de energia solar e como ideias criativas, com as quais criamos produtos e servi\u00e7os inovadores.<\/span>[\/vc_column_text][vc_separator type=&#8221;transparent&#8221; up=&#8221;30&#8243; down=&#8221;0&#8243;][\/vc_column_inner][vc_column_inner width=&#8221;1\/2&#8243;]<div class='q_list circle bold'><\/p>\n<ul>\n<li>Funcionamento at\u00e9 em condi\u00e7\u00f5es extremas<\/li>\n<li>Design funcional<\/li>\n<li>Fabrica\u00e7\u00e3o europeia<\/li>\n<li>Estudos luminosos para cada projeto<\/li>\n<li>Gest\u00e3o remota via software para os postes<\/li>\n<li>Produ\u00e7\u00e3o flex\u00edvel tanto para pequenos como grandes projetos<\/li>\n<\/ul>\n<p><\/div>[vc_separator type=&#8221;transparent&#8221; up=&#8221;87&#8243; down=&#8221;0&#8243;][\/vc_column_inner][\/vc_row_inner][\/vc_column][\/vc_row][vc_row row_type=&#8221;parallax&#8221; parallax_content_width=&#8221;in_grid&#8221; text_align=&#8221;center&#8221; full_screen_section_height=&#8221;no&#8221; background_image=&#8221;15982&#8243; section_height=&#8221;345&#8243; el_class=&#8221;desktop&#8221;][vc_column][\/vc_column][\/vc_row][vc_row css_animation=&#8221;&#8221; row_type=&#8221;row&#8221; use_row_as_full_screen_section=&#8221;no&#8221; type=&#8221;full_width&#8221; angled_section=&#8221;no&#8221; text_align=&#8221;center&#8221; background_image_as_pattern=&#8221;without_pattern&#8221; background_image=&#8221;15982&#8243; el_class=&#8221;mobile&#8221;][vc_column][vc_empty_space height=&#8221;300px&#8221;][\/vc_column][\/vc_row]<\/p>\n","protected":false},"excerpt":{"rendered":"<p>[vc_row css_animation=&#8221;&#8221; row_type=&#8221;row&#8221; use_row_as_full_screen_section=&#8221;no&#8221; type=&#8221;grid&#8221; angled_section=&#8221;no&#8221; text_align=&#8221;center&#8221; background_image_as_pattern=&#8221;without_pattern&#8221; background_color=&#8221;#ffffff&#8221;][vc_column][vc_column_text] Hist\u00f3ria [\/vc_column_text][vc_row_inner row_type=&#8221;row&#8221; type=&#8221;grid&#8221; text_align=&#8221;left&#8221; css_animation=&#8221;&#8221; padding_top=&#8221;25&#8243; padding_bottom=&#8221;0&#8243;][vc_column_inner width=&#8221;1\/2&#8243; css=&#8221;.vc_custom_1522080386404{padding-right: 5% !important;}&#8221;][vc_column_text]EKIONA Ilumina\u00e7\u00e3o Solar \u00e9 uma empresa localizada no Parque Tecnol\u00f3gico de Miram\u00f3n (San Sebasti\u00e1n \u2013 Espanha) especializa em oferecer, desde 2010, solu\u00e7\u00f5es de ilumina\u00e7\u00e3o solar&#8230;<\/p>\n","protected":false},"author":3,"featured_media":0,"parent":0,"menu_order":0,"comment_status":"open","ping_status":"open","template":"full_width.php","meta":{"_monsterinsights_skip_tracking":false,"_monsterinsights_sitenote_active":false,"_monsterinsights_sitenote_note":"","_monsterinsights_sitenote_category":0,"footnotes":""},"class_list":["post-16417","page","type-page","status-publish","hentry"],"aioseo_notices":[],"_links":{"self":[{"href":"https:\/\/ekiona.com\/pt-pt\/wp-json\/wp\/v2\/pages\/16417"}],"collection":[{"href":"https:\/\/ekiona.com\/pt-pt\/wp-json\/wp\/v2\/pages"}],"about":[{"href":"https:\/\/ekiona.com\/pt-pt\/wp-json\/wp\/v2\/types\/page"}],"author":[{"embeddable":true,"href":"https:\/\/ekiona.com\/pt-pt\/wp-json\/wp\/v2\/users\/3"}],"replies":[{"embeddable":true,"href":"https:\/\/ekiona.com\/pt-pt\/wp-json\/wp\/v2\/comments?post=16417"}],"version-history":[{"count":0,"href":"https:\/\/ekiona.com\/pt-pt\/wp-json\/wp\/v2\/pages\/16417\/revisions"}],"wp:attachment":[{"href":"https:\/\/ekiona.com\/pt-pt\/wp-json\/wp\/v2\/media?parent=16417"}],"curies":[{"name":"wp","href":"https:\/\/api.w.org\/{rel}","templated":true}]}}