{"id":16421,"date":"2018-03-27T12:16:00","date_gmt":"2018-03-27T11:16:00","guid":{"rendered":"https:\/\/ekiona.com\/\/farolas-solares\/"},"modified":"2025-11-20T13:47:43","modified_gmt":"2025-11-20T12:47:43","slug":"farolas-solares","status":"publish","type":"page","link":"https:\/\/ekiona.com\/pt-pt\/farolas-solares\/","title":{"rendered":"Postes de ilumina\u00e7\u00e3o solares"},"content":{"rendered":"<p>[vc_row css_animation=&#8221;&#8221; row_type=&#8221;row&#8221; use_row_as_full_screen_section=&#8221;no&#8221; type=&#8221;full_width&#8221; angled_section=&#8221;no&#8221; text_align=&#8221;left&#8221; background_image_as_pattern=&#8221;without_pattern&#8221;][vc_column][vc_column_text][\/vc_column_text][\/vc_column][\/vc_row][vc_row css_animation=&#8221;&#8221; row_type=&#8221;row&#8221; use_row_as_full_screen_section=&#8221;no&#8221; type=&#8221;full_width&#8221; angled_section=&#8221;no&#8221; text_align=&#8221;left&#8221; background_image_as_pattern=&#8221;without_pattern&#8221;][vc_column width=&#8221;1\/4&#8243;][\/vc_column][vc_column width=&#8221;1\/2&#8243; css=&#8221;.vc_custom_1524035294921{padding-right: 15px !important;padding-left: 15px !important;}&#8221;][vc_column_text]<\/p>\n<h2>Modelos<\/h2>\n<p>[\/vc_column_text][vc_column_text el_class=&#8221;justify&#8221;]Todas as solu\u00e7\u00f5es de ilumina\u00e7\u00e3o solar que oferecemos adaptam-se \u00e0s necessidades atuais de cada cliente.<\/p>\n<p>&nbsp;<\/p>\n<p>A principal vantagem dos postes de ilumina\u00e7\u00e3o solar em rela\u00e7\u00e3o \u00e0s solu\u00e7\u00f5es convencionais \u00e9 que, para levar o fornecimento de energia el\u00e9trica ao poste, n\u00e3o \u00e9 necess\u00e1rio fazer valas, canaliza\u00e7\u00f5es ou condu\u00e7\u00f5es el\u00e9tricas.[\/vc_column_text][vc_column_text css=&#8221;.vc_custom_1763642600973{margin-top: 20px !important;padding-left: 20px !important;}&#8221;]<\/p>\n<ul>\n<li style=\"font-weight: 400;\">Autossufici\u00eancia energ\u00e9tica, sem liga\u00e7\u00e3o \u00e0 rede el\u00e9trica.<\/li>\n<li style=\"font-weight: 400;\">Custo energ\u00e9tico 0<\/li>\n<li style=\"font-weight: 400;\">Designs antivandalismo<\/li>\n<li style=\"font-weight: 400;\">Ilumina\u00e7\u00e3o atrav\u00e9s de energia limpa, barata e inesgot\u00e1vel.<\/li>\n<li style=\"font-weight: 400;\">Dimensionamento do poste solar \u00ab\u00e0 medida\u00bb.<\/li>\n<\/ul>\n<p>[\/vc_column_text][\/vc_column][vc_column width=&#8221;1\/4&#8243;][\/vc_column][\/vc_row][vc_row css_animation=&#8221;&#8221; row_type=&#8221;row&#8221; use_row_as_full_screen_section=&#8221;no&#8221; type=&#8221;full_width&#8221; angled_section=&#8221;no&#8221; text_align=&#8221;left&#8221; background_image_as_pattern=&#8221;without_pattern&#8221;][vc_column width=&#8221;3\/4&#8243;][vc_column_text][\/vc_column_text][\/vc_column][vc_column width=&#8221;1\/4&#8243;][\/vc_column][\/vc_row][vc_row css_animation=&#8221;&#8221; row_type=&#8221;row&#8221; use_row_as_full_screen_section=&#8221;yes&#8221; type=&#8221;grid&#8221; angled_section=&#8221;no&#8221; text_align=&#8221;left&#8221; background_image_as_pattern=&#8221;without_pattern&#8221; css=&#8221;.vc_custom_1542971789749{padding-top: 100px !important;padding-bottom: 100px !important;background-color: #ffffff !important;}&#8221; el_class=&#8221;#seriecrosswalk{visibility: hidden;}&#8221;][vc_column width=&#8221;3\/4&#8243; css=&#8221;.vc_custom_1542971806618{background-color: #ffffff !important;}&#8221;][vc_column_text css=&#8221;.vc_custom_1763642624172{margin-bottom: 50px !important;}&#8221;]<\/p>\n<h2>S\u00c9RIE ROMI<\/h2>\n<p>&nbsp;<\/p>\n<p>A luz solar \u00e0 sua medida. Reduza custos e tempo de montagem com esta solu\u00e7\u00e3o<br \/>\ncapaz de substituir luzes solares antigas.[\/vc_column_text]<a  itemprop=\"url\" href=\"https:\/\/ekiona.com\/farolas-solares\/serie-romi\/\" target=\"_self\" data-hover-background-color='#43403e' data-hover-border-color='#43403e' data-hover-color='#ffffff' class=\"qbutton  default\" style=\"color: #ffffff; border-color: #ffffff; background-color: #f2c417;\">VER MAIS<\/a>[\/vc_column][vc_column width=&#8221;1\/4&#8243;][vc_single_image image=&#8221;22460&#8243; img_size=&#8221;full&#8221; onclick=&#8221;custom_link&#8221; qode_css_animation=&#8221;&#8221; link=&#8221;https:\/\/ekiona.com\/farolas-solares\/serie-crosswalk\/&#8221;][\/vc_column][\/vc_row][vc_row css_animation=&#8221;&#8221; row_type=&#8221;row&#8221; use_row_as_full_screen_section=&#8221;yes&#8221; type=&#8221;grid&#8221; angled_section=&#8221;no&#8221; text_align=&#8221;left&#8221; background_image_as_pattern=&#8221;without_pattern&#8221; background_color=&#8221;#f2c417&#8243; css=&#8221;.vc_custom_1758796692719{padding-top: 100px !important;padding-bottom: 100px !important;background-color: #f2c417 !important;}&#8221; el_class=&#8221;yellow_zone&#8221; z_index=&#8221;&#8221;][vc_column width=&#8221;1\/4&#8243;][vc_single_image image=&#8221;18784&#8243; img_size=&#8221;full&#8221; onclick=&#8221;custom_link&#8221; qode_css_animation=&#8221;&#8221; link=&#8221;https:\/\/ekiona.com\/farolas-solares\/serie-olintu\/&#8221;][\/vc_column][vc_column width=&#8221;3\/4&#8243;][vc_column_text css=&#8221;.vc_custom_1763642646905{margin-bottom: 50px !important;}&#8221;]<\/p>\n<h2>S\u00c9RIE OLINTU<\/h2>\n<p>&nbsp;<\/p>\n<p>A solu\u00e7\u00e3o inteligente de ilumina\u00e7\u00e3o solar que combina um design minimalista com a m\u00e1xima efici\u00eancia<br \/>\ngra\u00e7as \u00e0 sua bateria de l\u00edtio de \u00faltima gera\u00e7\u00e3o.[\/vc_column_text]<a  itemprop=\"url\" href=\"https:\/\/ekiona.com\/farolas-solares\/serie-olintu\/\" target=\"_self\" data-hover-background-color='#43403e' data-hover-border-color='#43403e' data-hover-color='#ffffff' class=\"qbutton  default\" style=\"color: #000000; border-color: #f2c417; background-color: #ffffff;\">VER MAIS<\/a>[\/vc_column][\/vc_row][vc_row css_animation=&#8221;&#8221; row_type=&#8221;row&#8221; use_row_as_full_screen_section=&#8221;yes&#8221; type=&#8221;grid&#8221; angled_section=&#8221;no&#8221; text_align=&#8221;left&#8221; background_image_as_pattern=&#8221;without_pattern&#8221; css=&#8221;.vc_custom_1542971789749{padding-top: 100px !important;padding-bottom: 100px !important;background-color: #ffffff !important;}&#8221; el_class=&#8221;#seriecrosswalk{visibility: hidden;}&#8221; el_id=&#8221;seriecrosswalk&#8221;][vc_column width=&#8221;3\/4&#8243; css=&#8221;.vc_custom_1542971806618{background-color: #ffffff !important;}&#8221;][vc_column_text css=&#8221;.vc_custom_1763642670571{margin-bottom: 50px !important;}&#8221;]<\/p>\n<h2>S\u00c9RIE CROSSWALK<\/h2>\n<p>&nbsp;<\/p>\n<p>A solu\u00e7\u00e3o perfeita em ilumina\u00e7\u00e3o solar inteligente para passagens de pe\u00f5es, aumentando a visibilidade,<br \/>\na seguran\u00e7a e reduzindo os riscos de atropelamento.[\/vc_column_text]<a  itemprop=\"url\" href=\"https:\/\/ekiona.com\/farolas-solares\/serie-crosswalk\/\" target=\"_self\" data-hover-background-color='#43403e' data-hover-border-color='#43403e' data-hover-color='#ffffff' class=\"qbutton  default\" style=\"color: #ffffff; border-color: #ffffff; background-color: #f2c417;\">VER MAIS<\/a>[\/vc_column][vc_column width=&#8221;1\/4&#8243;][vc_single_image image=&#8221;19124&#8243; img_size=&#8221;full&#8221; onclick=&#8221;custom_link&#8221; qode_css_animation=&#8221;&#8221; link=&#8221;https:\/\/ekiona.com\/farolas-solares\/serie-crosswalk\/&#8221;][\/vc_column][\/vc_row][vc_row css_animation=&#8221;&#8221; row_type=&#8221;row&#8221; use_row_as_full_screen_section=&#8221;yes&#8221; type=&#8221;grid&#8221; angled_section=&#8221;no&#8221; text_align=&#8221;left&#8221; background_image_as_pattern=&#8221;without_pattern&#8221; background_color=&#8221;#f3f3f3&#8243; css=&#8221;.vc_custom_1604583124853{padding-top: 100px !important;padding-bottom: 100px !important;background-color: #f3f3f3 !important;}&#8221;][vc_column width=&#8221;1\/4&#8243;][vc_single_image image=&#8221;15781&#8243; img_size=&#8221;full&#8221; onclick=&#8221;custom_link&#8221; qode_css_animation=&#8221;&#8221; link=&#8221;https:\/\/ekiona.com\/farolas-solares\/serie-skyline\/&#8221;][\/vc_column][vc_column width=&#8221;3\/4&#8243;][vc_column_text css=&#8221;.vc_custom_1763642695958{margin-bottom: 50px !important;}&#8221;]<\/p>\n<h2>S\u00c9RIE SKYLINE<\/h2>\n<p>&nbsp;<\/p>\n<p>A solu\u00e7\u00e3o inteligente de ilumina\u00e7\u00e3o solar especialmente concebida para vias urbanas, travessias e estradas.[\/vc_column_text]<a  itemprop=\"url\" href=\"https:\/\/ekiona.com\/farolas-solares\/serie-skyline\/\" target=\"_self\" data-hover-background-color='#43403e' data-hover-border-color='#43403e' data-hover-color='#ffffff' class=\"qbutton  default\" style=\"color: #ffffff; border-color: #f3f3f3; background-color: #f2c417;\">VER MAIS<\/a>[\/vc_column][\/vc_row][vc_row css_animation=&#8221;&#8221; row_type=&#8221;row&#8221; use_row_as_full_screen_section=&#8221;yes&#8221; type=&#8221;grid&#8221; angled_section=&#8221;no&#8221; text_align=&#8221;left&#8221; background_image_as_pattern=&#8221;without_pattern&#8221; css=&#8221;.vc_custom_1522163005190{padding-top: 100px !important;padding-bottom: 100px !important;background-color: #f2c417 !important;}&#8221;][vc_column width=&#8221;3\/4&#8243;][vc_column_text css=&#8221;.vc_custom_1763642719899{margin-bottom: 50px !important;}&#8221;]<\/p>\n<h2>S\u00c9RIE BURIED<\/h2>\n<p>&nbsp;<\/p>\n<p>O sistema de ilumina\u00e7\u00e3o solar leve e simples.<br \/>\nPreparado para aplica\u00e7\u00f5es especiais gra\u00e7as \u00e0 bateria subterr\u00e2nea.[\/vc_column_text]<a  itemprop=\"url\" href=\"https:\/\/ekiona.com\/farolas-solares\/serie-buried\/\" target=\"_self\" data-hover-background-color='#43403e' data-hover-border-color='#43403e' data-hover-color='#ffffff' class=\"qbutton  default\" style=\"color: #000000; border-color: #f2c417; background-color: #ffffff;\">VER MAIS<\/a>[\/vc_column][vc_column width=&#8221;1\/4&#8243;][vc_single_image image=&#8221;22925&#8243; img_size=&#8221;full&#8221; onclick=&#8221;custom_link&#8221; qode_css_animation=&#8221;&#8221; link=&#8221;https:\/\/ekiona.com\/farolas-solares\/serie-buried\/&#8221;][\/vc_column][\/vc_row][vc_row css_animation=&#8221;&#8221; row_type=&#8221;row&#8221; use_row_as_full_screen_section=&#8221;no&#8221; type=&#8221;full_width&#8221; angled_section=&#8221;no&#8221; text_align=&#8221;left&#8221; background_image_as_pattern=&#8221;without_pattern&#8221; background_color=&#8221;#ffffff&#8221;][vc_column][vc_column_text]<\/p>\n<p>[\/vc_column_text][vc_column_text css=&#8221;.vc_custom_1763642740379{margin-top: 50px !important;}&#8221;]<\/p>\n<h2 style=\"text-align: center;\">A nossa tecnologia<\/h2>\n<p>&nbsp;<\/p>\n<p style=\"text-align: center;\">Sistemas de \u00faltima gera\u00e7\u00e3o para uma gest\u00e3o inteligente da luminosidade.<\/p>\n<p>[\/vc_column_text][\/vc_column][\/vc_row][vc_row css_animation=&#8221;&#8221; row_type=&#8221;row&#8221; use_row_as_full_screen_section=&#8221;no&#8221; type=&#8221;grid&#8221; angled_section=&#8221;no&#8221; text_align=&#8221;left&#8221; background_image_as_pattern=&#8221;without_pattern&#8221; anchor=&#8221;tecnologia&#8221; css=&#8221;.vc_custom_1525339045151{padding-top: 100px !important;padding-bottom: 80px !important;background-color: #ffffff !important;}&#8221; el_class=&#8221;tec&#8221;][vc_column width=&#8221;1\/2&#8243; css=&#8221;.vc_custom_1521754993623{padding-right: 10% !important;padding-left: 10% !important;}&#8221;][vc_single_image image=&#8221;15915&#8243; img_size=&#8221;full&#8221; alignment=&#8221;center&#8221; onclick=&#8221;custom_link&#8221; qode_css_animation=&#8221;&#8221; link=&#8221;https:\/\/ekiona.com\/kenlok-ilumek\/&#8221;][vc_column_text css=&#8221;.vc_custom_1763642785596{margin-top: 25px !important;margin-bottom: 15px !important;}&#8221;]<\/p>\n<h3 style=\"text-align: center;\"><a title=\"CENTRAL INTELIGENTE KENLOK\" href=\"https:\/\/ekiona.com\/pt-pt\/kenlok-ilumek\/\">CENTRAL INTELIGENTE KENLOK<\/a><\/h3>\n<p>[\/vc_column_text][vc_separator type=&#8221;small&#8221; position=&#8221;center&#8221; thickness=&#8221;1&#8243;]<a  itemprop=\"url\" href=\"https:\/\/ekiona.com\/kenlok-ilumek\/\" target=\"_self\" data-hover-background-color='#43403e' data-hover-border-color='rgba(0,0,0,0.01)' data-hover-color='#ffffff' class=\"qbutton  medium center default\" style=\"color: #ffffff; border-color: rgba(0,0,0,0.01); margin: 30px 0px 30px 0px; background-color: #43403e;\">VER MAIS<\/a>[\/vc_column][vc_column width=&#8221;1\/2&#8243; css=&#8221;.vc_custom_1521755003399{padding-right: 10% !important;padding-left: 10% !important;}&#8221;][vc_single_image image=&#8221;19491&#8243; img_size=&#8221;full&#8221; alignment=&#8221;center&#8221; onclick=&#8221;custom_link&#8221; qode_css_animation=&#8221;&#8221; link=&#8221;https:\/\/ekiona.com\/kenlok-ilumek\/#ilumek&#8221;][vc_column_text css=&#8221;.vc_custom_1763642824322{margin-top: 25px !important;margin-bottom: 15px !important;}&#8221;]<\/p>\n<h3 style=\"text-align: center;\"><a title=\"SISTEMA DE GEST\u00c3O REMOTA ILUMEK\" href=\"https:\/\/ekiona.com\/pt-pt\/kenlok-ilumek\/\">SISTEMA DE GEST\u00c3O REMOTA ILUMEK<\/a><\/h3>\n<p>[\/vc_column_text][vc_separator type=&#8221;small&#8221; position=&#8221;center&#8221; thickness=&#8221;1&#8243;]<a  itemprop=\"url\" href=\"https:\/\/ekiona.com\/kenlok-ilumek\/#ilumek\" target=\"_self\" data-hover-background-color='#43403e' data-hover-border-color='rgba(0,0,0,0.01)' data-hover-color='#ffffff' class=\"qbutton  medium center default\" style=\"color: #ffffff; border-color: rgba(0,0,0,0.01); margin: 30px 0px 30px 0px; background-color: #43403e;\">VER MAIS<\/a>[\/vc_column][\/vc_row][vc_row css_animation=&#8221;&#8221; row_type=&#8221;row&#8221; use_row_as_full_screen_section=&#8221;no&#8221; type=&#8221;full_width&#8221; angled_section=&#8221;no&#8221; text_align=&#8221;left&#8221; background_image_as_pattern=&#8221;without_pattern&#8221;][vc_column][\/vc_column][\/vc_row]<\/p>\n","protected":false},"excerpt":{"rendered":"<p>[vc_row css_animation=&#8221;&#8221; row_type=&#8221;row&#8221; use_row_as_full_screen_section=&#8221;no&#8221; type=&#8221;full_width&#8221; angled_section=&#8221;no&#8221; text_align=&#8221;left&#8221; background_image_as_pattern=&#8221;without_pattern&#8221;][vc_column][vc_column_text][\/vc_column_text][\/vc_column][\/vc_row][vc_row css_animation=&#8221;&#8221; row_type=&#8221;row&#8221; use_row_as_full_screen_section=&#8221;no&#8221; type=&#8221;full_width&#8221; angled_section=&#8221;no&#8221; text_align=&#8221;left&#8221; background_image_as_pattern=&#8221;without_pattern&#8221;][vc_column width=&#8221;1\/4&#8243;][\/vc_column][vc_column width=&#8221;1\/2&#8243; css=&#8221;.vc_custom_1524035294921{padding-right: 15px !important;padding-left: 15px !important;}&#8221;][vc_column_text] Modelos [\/vc_column_text][vc_column_text el_class=&#8221;justify&#8221;]Todas as solu\u00e7\u00f5es de ilumina\u00e7\u00e3o solar que oferecemos adaptam-se \u00e0s necessidades atuais de cada cliente. &nbsp; A principal vantagem dos postes&#8230;<\/p>\n","protected":false},"author":3,"featured_media":0,"parent":0,"menu_order":0,"comment_status":"closed","ping_status":"closed","template":"full_width.php","meta":{"_monsterinsights_skip_tracking":false,"_monsterinsights_sitenote_active":false,"_monsterinsights_sitenote_note":"","_monsterinsights_sitenote_category":0,"footnotes":""},"class_list":["post-16421","page","type-page","status-publish","hentry"],"aioseo_notices":[],"_links":{"self":[{"href":"https:\/\/ekiona.com\/pt-pt\/wp-json\/wp\/v2\/pages\/16421"}],"collection":[{"href":"https:\/\/ekiona.com\/pt-pt\/wp-json\/wp\/v2\/pages"}],"about":[{"href":"https:\/\/ekiona.com\/pt-pt\/wp-json\/wp\/v2\/types\/page"}],"author":[{"embeddable":true,"href":"https:\/\/ekiona.com\/pt-pt\/wp-json\/wp\/v2\/users\/3"}],"replies":[{"embeddable":true,"href":"https:\/\/ekiona.com\/pt-pt\/wp-json\/wp\/v2\/comments?post=16421"}],"version-history":[{"count":2,"href":"https:\/\/ekiona.com\/pt-pt\/wp-json\/wp\/v2\/pages\/16421\/revisions"}],"predecessor-version":[{"id":22928,"href":"https:\/\/ekiona.com\/pt-pt\/wp-json\/wp\/v2\/pages\/16421\/revisions\/22928"}],"wp:attachment":[{"href":"https:\/\/ekiona.com\/pt-pt\/wp-json\/wp\/v2\/media?parent=16421"}],"curies":[{"name":"wp","href":"https:\/\/api.w.org\/{rel}","templated":true}]}}