{"id":16429,"date":"2018-04-09T11:47:43","date_gmt":"2018-04-09T10:47:43","guid":{"rendered":"https:\/\/ekiona.com\/\/farolas-solares\/serie-moon\/"},"modified":"2022-04-08T08:53:17","modified_gmt":"2022-04-08T07:53:17","slug":"serie-moon","status":"publish","type":"page","link":"https:\/\/ekiona.com\/pt-pt\/farolas-solares\/serie-moon\/","title":{"rendered":"S\u00e9rie Moon"},"content":{"rendered":"<p>[vc_row css_animation=&#8221;&#8221; row_type=&#8221;row&#8221; use_row_as_full_screen_section=&#8221;yes&#8221; type=&#8221;grid&#8221; angled_section=&#8221;no&#8221; text_align=&#8221;left&#8221; background_image_as_pattern=&#8221;without_pattern&#8221;][vc_column width=&#8221;1\/2&#8243;][vc_empty_space height=&#8221;100px&#8221; el_class=&#8221;desktop&#8221;][vc_column_text]<\/p>\n<h2><span style=\"font-weight: 400;\">S\u00c9RIE MOON<\/span><\/h2>\n<p>&nbsp;<\/p>\n<p><span lang=\"PT-BR\">Conta com o desenho mais atrativo do mercado e inclui tecnologia LED de \u00faltima gera\u00e7\u00e3o, sistema program\u00e1vel de ilumina\u00e7\u00e3o, unidade de controle eletr\u00f4nica <strong><a href=\"https:\/\/ekiona.com\/pt-pt\/kenlok-ilumek\/\">KENLOK<\/a><\/strong> e controle de intensidade luminoso. Com altura m\u00e1xima de 7 metros e possibilidade de inclus\u00e3o um detector de presen\u00e7a, para reduzir a polui\u00e7\u00e3o visual (luminosa), especialmente em \u00e1reas isoladas ou pouco visitadas, mantendo a seguran\u00e7a a todo o momento para os usu\u00e1rios.<\/span><\/p>\n<p>&nbsp;<\/p>\n<ul>\n<li><strong>Possibilidade de pintura RAL<\/strong><\/li>\n<li><strong>Integr\u00e1vel em todo tipo de \u00e1rea<\/strong><\/li>\n<li><strong>Post com design anti-vand\u00e1lico<\/strong><\/li>\n<li><strong>Regulador de carga de \u00faltima gera\u00e7\u00e3o (inclui sistema de detec\u00e7\u00e3o de avarias)<\/strong><\/li>\n<li><strong>Gest\u00e3o de hor\u00e1rios<\/strong><\/li>\n<li><strong>Programa\u00e7\u00e3o liga\/desliga<\/strong><\/li>\n<li><strong>Op\u00e7\u00e3o de ser integrada ao software inteligente de gest\u00e3o remota <a href=\"https:\/\/ekiona.com\/pt-pt\/kenlok-ilumek\/#ilumek\">ILUMEK<\/a><\/strong><\/li>\n<\/ul>\n<p>[\/vc_column_text][vc_empty_space height=&#8221;50px&#8221;]<a  itemprop=\"url\" href=\"https:\/\/ekiona.com\/contenido\/media\/2022\/04\/fichas_tecnicas\/Serie_Moon\/Ficha_T\u00e9cnica_S\u00e9rie_Moon_PT_2022.pdf\" target=\"_blank\"  class=\"qbutton  default\" style=\"\">Baixar a ficha t\u00e9cnica<\/a>[vc_row_inner row_type=&#8221;row&#8221; type=&#8221;full_width&#8221; text_align=&#8221;left&#8221; css_animation=&#8221;&#8221; css=&#8221;.vc_custom_1525959828640{margin-top: 50px !important;padding-top: 30px !important;padding-right: 30px !important;padding-bottom: 20px !important;padding-left: 30px !important;background-color: #43403e !important;}&#8221; el_class=&#8221;white&#8221;][vc_column_inner][vc_column_text css=&#8221;.vc_custom_1526940474678{margin-bottom: 30px !important;}&#8221;]<strong><span style=\"color: #ffffff;\">SOLICITE MAIS INFORMA\u00c7\u00d5ES<\/span><\/strong>[\/vc_column_text]\n<div class=\"wpcf7 no-js\" id=\"wpcf7-f16944-o1\" lang=\"es-ES\" dir=\"ltr\" data-wpcf7-id=\"16944\">\n<div class=\"screen-reader-response\"><p role=\"status\" aria-live=\"polite\" aria-atomic=\"true\"><\/p> <ul><\/ul><\/div>\n<form action=\"\/pt-pt\/wp-json\/wp\/v2\/pages\/16429#wpcf7-f16944-o1\" method=\"post\" class=\"wpcf7-form init cf7_custom_style_1\" aria-label=\"Formulario de contacto\" novalidate=\"novalidate\" data-status=\"init\">\n<div style=\"display: none;\">\n<input type=\"hidden\" name=\"_wpcf7\" value=\"16944\" \/>\n<input type=\"hidden\" name=\"_wpcf7_version\" value=\"6.0.6\" \/>\n<input type=\"hidden\" name=\"_wpcf7_locale\" value=\"es_ES\" \/>\n<input type=\"hidden\" name=\"_wpcf7_unit_tag\" value=\"wpcf7-f16944-o1\" \/>\n<input type=\"hidden\" name=\"_wpcf7_container_post\" value=\"0\" \/>\n<input type=\"hidden\" name=\"_wpcf7_posted_data_hash\" value=\"\" \/>\n<\/div>\n<p><span class=\"wpcf7-form-control-wrap\" data-name=\"your-name\"><input size=\"40\" maxlength=\"400\" class=\"wpcf7-form-control wpcf7-text wpcf7-validates-as-required\" aria-required=\"true\" aria-invalid=\"false\" placeholder=\"Nome\" value=\"\" type=\"text\" name=\"your-name\" \/><\/span><br \/>\n<span class=\"wpcf7-form-control-wrap\" data-name=\"your-email\"><input size=\"40\" maxlength=\"400\" class=\"wpcf7-form-control wpcf7-email wpcf7-validates-as-required wpcf7-text wpcf7-validates-as-email\" aria-required=\"true\" aria-invalid=\"false\" placeholder=\"E-mail\" value=\"\" type=\"email\" name=\"your-email\" \/><\/span><br \/>\n<span class=\"wpcf7-form-control-wrap\" data-name=\"business\"><input size=\"40\" maxlength=\"400\" class=\"wpcf7-form-control wpcf7-text wpcf7-validates-as-required\" aria-required=\"true\" aria-invalid=\"false\" placeholder=\"Empresa\" value=\"\" type=\"text\" name=\"business\" \/><\/span><br \/>\n<span class=\"wpcf7-form-control-wrap\" data-name=\"phone\"><input size=\"40\" maxlength=\"400\" class=\"wpcf7-form-control wpcf7-tel wpcf7-validates-as-required wpcf7-text wpcf7-validates-as-tel\" aria-required=\"true\" aria-invalid=\"false\" placeholder=\"Telefone\" value=\"\" type=\"tel\" name=\"phone\" \/><\/span><br \/>\n<span class=\"wpcf7-form-control-wrap\" data-name=\"your-message\"><textarea cols=\"40\" rows=\"10\" maxlength=\"2000\" class=\"wpcf7-form-control wpcf7-textarea\" aria-invalid=\"false\" placeholder=\"Coment\u00e1rios\" name=\"your-message\"><\/textarea><\/span><br \/>\n<span class=\"wpcf7-form-control-wrap\" data-name=\"acceptance-363\"><span class=\"wpcf7-form-control wpcf7-acceptance\"><span class=\"wpcf7-list-item\"><label><input type=\"checkbox\" name=\"acceptance-363\" value=\"1\" aria-invalid=\"false\" \/><span class=\"wpcf7-list-item-label\">Li e aceito a <a href='https:\/\/ekiona.com\/pt-pt\/politica-de-privacidade\/' target=_blank>pol\u00edtica de privacidade<\/a>.<\/span><\/label><\/span><\/span><\/span>\n<\/p>\n<p><input class=\"wpcf7-form-control wpcf7-submit has-spinner\" type=\"submit\" value=\"Enviar\" \/>\n<\/p><input type='hidden' class='wpcf7-pum' value='{\"closepopup\":false,\"closedelay\":0,\"openpopup\":false,\"openpopup_id\":0}' \/><div class=\"wpcf7-response-output\" aria-hidden=\"true\"><\/div>\n<\/form>\n<\/div>\n[\/vc_column_inner][\/vc_row_inner][\/vc_column][vc_column width=&#8221;1\/2&#8243;][vc_empty_space height=&#8221;50px&#8221; el_class=&#8221;mobile&#8221;][vc_single_image image=&#8221;16106&#8243; img_size=&#8221;full&#8221; onclick=&#8221;link_image&#8221; qode_css_animation=&#8221;&#8221;][\/vc_column][\/vc_row][vc_row css_animation=&#8221;&#8221; row_type=&#8221;row&#8221; use_row_as_full_screen_section=&#8221;no&#8221; type=&#8221;full_width&#8221; angled_section=&#8221;no&#8221; text_align=&#8221;left&#8221; background_image_as_pattern=&#8221;without_pattern&#8221;][vc_column][vc_column_text]<\/p>\n<p>[\/vc_column_text][\/vc_column][\/vc_row][vc_row css_animation=&#8221;&#8221; row_type=&#8221;row&#8221; use_row_as_full_screen_section=&#8221;yes&#8221; type=&#8221;grid&#8221; angled_section=&#8221;no&#8221; text_align=&#8221;left&#8221; background_image_as_pattern=&#8221;without_pattern&#8221; css=&#8221;.vc_custom_1522165466377{margin-top: 50px !important;padding-top: 50px !important;padding-bottom: 50px !important;background-color: #f2c417 !important;}&#8221;][vc_column][vc_column_text css=&#8221;.vc_custom_1526938822942{margin-bottom: 50px !important;}&#8221;]<\/p>\n<h3>Caracter\u00edsticas<\/h3>\n<p>[\/vc_column_text]<div class=\"qode-advanced-tabs qode-advanced-tabs qode-advanced-horizontal-tab clearfix qode-advanced-tab-without-icon qode-advanced-tabs-column-4 clearfix\">\n\t<ul class=\"qode-advanced-tabs-nav\">\n\t\t\t\t\t<li>\n\t\t\t\t<h6>\n\t\t\t\t\t<a href=\"#tab-luminaria\">\n\t\t\t\t\t\t\n\t\t\t\t\t\t\t\t\t\t\t\t\t<span class=\"qode-advanced-tab-text-after-icon\">\n\t\t\t\t\t\t\t\tLUMIN\u00c1RIA\t\t\t\t\t\t\t<\/span>\n\t\t\t\t\t\t\t\t\t\t\t<\/a>\n\t\t\t\t<\/h6>\n\t\t\t<\/li>\n\t\t\t\t\t<li>\n\t\t\t\t<h6>\n\t\t\t\t\t<a href=\"#tab-painel-solar-fotovoltaico\">\n\t\t\t\t\t\t\n\t\t\t\t\t\t\t\t\t\t\t\t\t<span class=\"qode-advanced-tab-text-after-icon\">\n\t\t\t\t\t\t\t\tPAINEL SOLAR FOTOVOLTAICO\t\t\t\t\t\t\t<\/span>\n\t\t\t\t\t\t\t\t\t\t\t<\/a>\n\t\t\t\t<\/h6>\n\t\t\t<\/li>\n\t\t\t\t\t<li>\n\t\t\t\t<h6>\n\t\t\t\t\t<a href=\"#tab-bateria\">\n\t\t\t\t\t\t\n\t\t\t\t\t\t\t\t\t\t\t\t\t<span class=\"qode-advanced-tab-text-after-icon\">\n\t\t\t\t\t\t\t\tBATERIA\t\t\t\t\t\t\t<\/span>\n\t\t\t\t\t\t\t\t\t\t\t<\/a>\n\t\t\t\t<\/h6>\n\t\t\t<\/li>\n\t\t\t\t\t<li>\n\t\t\t\t<h6>\n\t\t\t\t\t<a href=\"#tab-poste\">\n\t\t\t\t\t\t\n\t\t\t\t\t\t\t\t\t\t\t\t\t<span class=\"qode-advanced-tab-text-after-icon\">\n\t\t\t\t\t\t\t\tPOSTE\t\t\t\t\t\t\t<\/span>\n\t\t\t\t\t\t\t\t\t\t\t<\/a>\n\t\t\t\t<\/h6>\n\t\t\t<\/li>\n\t\t\t<\/ul>\n\t<div class=\"qode-advanced-tab-container\" id=\"tab-luminaria-796\" data-icon-pack=\"\" data-icon-html=\"\">[vc_row_inner row_type=&#8221;row&#8221; type=&#8221;full_width&#8221; text_align=&#8221;left&#8221; css_animation=&#8221;&#8221;][vc_column_inner width=&#8221;1\/2&#8243;][vc_column_text]Tipo[\/vc_column_text][\/vc_column_inner][vc_column_inner width=&#8221;1\/2&#8243;][vc_column_text]LED[\/vc_column_text][\/vc_column_inner][\/vc_row_inner][vc_separator type=&#8221;normal&#8221; thickness=&#8221;1&#8243; up=&#8221;20&#8243; down=&#8221;20&#8243;][vc_row_inner row_type=&#8221;row&#8221; type=&#8221;full_width&#8221; text_align=&#8221;left&#8221; css_animation=&#8221;&#8221;][vc_column_inner width=&#8221;1\/2&#8243;][vc_column_text]Pot\u00eancia[\/vc_column_text][\/vc_column_inner][vc_column_inner width=&#8221;1\/2&#8243;][vc_column_text]20 &#8211; 50 W[\/vc_column_text][\/vc_column_inner][\/vc_row_inner][vc_separator type=&#8221;normal&#8221; thickness=&#8221;1&#8243; up=&#8221;20&#8243; down=&#8221;20&#8243;][vc_row_inner row_type=&#8221;row&#8221; type=&#8221;full_width&#8221; text_align=&#8221;left&#8221; css_animation=&#8221;&#8221;][vc_column_inner width=&#8221;1\/2&#8243;][vc_column_text]Tens\u00e3o nominal[\/vc_column_text][\/vc_column_inner][vc_column_inner width=&#8221;1\/2&#8243;][vc_column_text]12 &#8211; 24 V[\/vc_column_text][\/vc_column_inner][\/vc_row_inner][vc_separator type=&#8221;normal&#8221; thickness=&#8221;1&#8243; up=&#8221;20&#8243; down=&#8221;20&#8243;][vc_row_inner row_type=&#8221;row&#8221; type=&#8221;full_width&#8221; text_align=&#8221;left&#8221; css_animation=&#8221;&#8221;][vc_column_inner width=&#8221;1\/2&#8243;][vc_column_text]Efici\u00eancia[\/vc_column_text][\/vc_column_inner][vc_column_inner width=&#8221;1\/2&#8243;][vc_column_text]&gt; 120 lm\/W[\/vc_column_text][\/vc_column_inner][\/vc_row_inner][vc_separator type=&#8221;normal&#8221; thickness=&#8221;1&#8243; up=&#8221;20&#8243; down=&#8221;20&#8243;][vc_row_inner row_type=&#8221;row&#8221; type=&#8221;full_width&#8221; text_align=&#8221;left&#8221; css_animation=&#8221;&#8221;][vc_column_inner width=&#8221;1\/2&#8243;][vc_column_text]Temperatura de cor[\/vc_column_text][\/vc_column_inner][vc_column_inner width=&#8221;1\/2&#8243;][vc_column_text]3000 &#8211; 4000 &#8211; 5700 K[\/vc_column_text][\/vc_column_inner][\/vc_row_inner]<\/div><div class=\"qode-advanced-tab-container\" id=\"tab-painel-solar-fotovoltaico-346\" data-icon-pack=\"\" data-icon-html=\"\">[vc_row_inner row_type=&#8221;row&#8221; type=&#8221;full_width&#8221; text_align=&#8221;left&#8221; css_animation=&#8221;&#8221;][vc_column_inner width=&#8221;1\/2&#8243;][vc_column_text]Tipo de painel[\/vc_column_text][\/vc_column_inner][vc_column_inner width=&#8221;1\/2&#8243;][vc_column_text]Monocristalino \/ Policristalino[\/vc_column_text][\/vc_column_inner][\/vc_row_inner][vc_separator type=&#8221;normal&#8221; thickness=&#8221;1&#8243; up=&#8221;20&#8243; down=&#8221;20&#8243;][vc_row_inner row_type=&#8221;row&#8221; type=&#8221;full_width&#8221; text_align=&#8221;left&#8221; css_animation=&#8221;&#8221;][vc_column_inner width=&#8221;1\/2&#8243;][vc_column_text]Pot\u00eancia[\/vc_column_text][\/vc_column_inner][vc_column_inner width=&#8221;1\/2&#8243;][vc_column_text]A partir de 60 Wp[\/vc_column_text][\/vc_column_inner][\/vc_row_inner][vc_separator type=&#8221;normal&#8221; thickness=&#8221;1&#8243; up=&#8221;20&#8243; down=&#8221;20&#8243;][vc_row_inner row_type=&#8221;row&#8221; type=&#8221;full_width&#8221; text_align=&#8221;left&#8221; css_animation=&#8221;&#8221;][vc_column_inner width=&#8221;1\/2&#8243;][vc_column_text]Vida \u00fatil[\/vc_column_text][\/vc_column_inner][vc_column_inner width=&#8221;1\/2&#8243;][vc_column_text]<\/p>\n<div class=\"page\" title=\"Page 2\">\n<div class=\"section\">\n<div class=\"layoutArea\">\n<div class=\"column\">\n<p>M\u00ednima de 25 anos<\/p>\n<\/div>\n<\/div>\n<\/div>\n<\/div>\n<p>[\/vc_column_text][\/vc_column_inner][\/vc_row_inner]<\/div><div class=\"qode-advanced-tab-container\" id=\"tab-bateria-296\" data-icon-pack=\"\" data-icon-html=\"\">[vc_row_inner row_type=&#8221;row&#8221; type=&#8221;full_width&#8221; text_align=&#8221;left&#8221; css_animation=&#8221;&#8221;][vc_column_inner width=&#8221;1\/2&#8243;][vc_column_text]Tipo[\/vc_column_text][\/vc_column_inner][vc_column_inner width=&#8221;1\/2&#8243;][vc_column_text]VRLA (GEL ou AGM)[\/vc_column_text][\/vc_column_inner][\/vc_row_inner][vc_separator type=&#8221;normal&#8221; thickness=&#8221;1&#8243; up=&#8221;20&#8243; down=&#8221;20&#8243;][vc_row_inner row_type=&#8221;row&#8221; type=&#8221;full_width&#8221; text_align=&#8221;left&#8221; css_animation=&#8221;&#8221;][vc_column_inner width=&#8221;1\/2&#8243;][vc_column_text]Capacidade[\/vc_column_text][\/vc_column_inner][vc_column_inner width=&#8221;1\/2&#8243;][vc_column_text]100 &#8211; 210 Ah[\/vc_column_text][\/vc_column_inner][\/vc_row_inner][vc_separator type=&#8221;normal&#8221; thickness=&#8221;1&#8243; up=&#8221;20&#8243; down=&#8221;20&#8243;][vc_row_inner row_type=&#8221;row&#8221; type=&#8221;full_width&#8221; text_align=&#8221;left&#8221; css_animation=&#8221;&#8221;][vc_column_inner width=&#8221;1\/2&#8243;][vc_column_text]<\/p>\n<div class=\"page\" title=\"Page 2\">\n<div class=\"section\">\n<div class=\"layoutArea\">\n<div class=\"column\">\n<p>Profundidade de descarga m\u00e1xima<\/p>\n<\/div>\n<\/div>\n<\/div>\n<\/div>\n<p>[\/vc_column_text][\/vc_column_inner][vc_column_inner width=&#8221;1\/2&#8243;][vc_column_text]50%[\/vc_column_text][\/vc_column_inner][\/vc_row_inner][vc_separator type=&#8221;normal&#8221; thickness=&#8221;1&#8243; up=&#8221;20&#8243; down=&#8221;20&#8243;][vc_row_inner row_type=&#8221;row&#8221; type=&#8221;full_width&#8221; text_align=&#8221;left&#8221; css_animation=&#8221;&#8221;][vc_column_inner width=&#8221;1\/2&#8243;][vc_column_text]Autonomia[\/vc_column_text][\/vc_column_inner][vc_column_inner width=&#8221;1\/2&#8243;][vc_column_text]2 &#8211; 5 dias[\/vc_column_text][\/vc_column_inner][\/vc_row_inner]<\/div><div class=\"qode-advanced-tab-container\" id=\"tab-poste-653\" data-icon-pack=\"\" data-icon-html=\"\">[vc_row_inner row_type=&#8221;row&#8221; type=&#8221;full_width&#8221; text_align=&#8221;left&#8221; css_animation=&#8221;&#8221;][vc_column_inner width=&#8221;1\/2&#8243;][vc_column_text]Altura[\/vc_column_text][\/vc_column_inner][vc_column_inner width=&#8221;1\/2&#8243;][vc_column_text]4 &#8211; 7 metros[\/vc_column_text][\/vc_column_inner][\/vc_row_inner][vc_separator type=&#8221;normal&#8221; thickness=&#8221;1&#8243; up=&#8221;20&#8243; down=&#8221;20&#8243;][vc_row_inner row_type=&#8221;row&#8221; type=&#8221;full_width&#8221; text_align=&#8221;left&#8221; css_animation=&#8221;&#8221;][vc_column_inner width=&#8221;1\/2&#8243;][vc_column_text]Material[\/vc_column_text][\/vc_column_inner][vc_column_inner width=&#8221;1\/2&#8243;][vc_column_text]A\u00e7o galvanizado a quente[\/vc_column_text][\/vc_column_inner][\/vc_row_inner][vc_separator type=&#8221;normal&#8221; thickness=&#8221;1&#8243; up=&#8221;20&#8243; down=&#8221;20&#8243;][vc_row_inner row_type=&#8221;row&#8221; type=&#8221;full_width&#8221; text_align=&#8221;left&#8221; css_animation=&#8221;&#8221;][vc_column_inner width=&#8221;1\/2&#8243;][vc_column_text]Resist\u00eancia \u00e0 corros\u00e3o[\/vc_column_text][\/vc_column_inner][vc_column_inner width=&#8221;1\/2&#8243;][vc_column_text]&gt; 15 anos[\/vc_column_text][\/vc_column_inner][\/vc_row_inner][vc_separator type=&#8221;normal&#8221; thickness=&#8221;1&#8243; up=&#8221;20&#8243; down=&#8221;20&#8243;][vc_row_inner row_type=&#8221;row&#8221; type=&#8221;full_width&#8221; text_align=&#8221;left&#8221; css_animation=&#8221;&#8221;][vc_column_inner width=&#8221;1\/2&#8243;][vc_column_text]Prote\u00e7\u00e3o Adicional[\/vc_column_text][\/vc_column_inner][vc_column_inner width=&#8221;1\/2&#8243;][vc_column_text]Revestido em poli\u00e9ster atrav\u00e9s de pintura[\/vc_column_text][\/vc_column_inner][\/vc_row_inner][vc_separator type=&#8221;normal&#8221; thickness=&#8221;1&#8243; up=&#8221;20&#8243; down=&#8221;20&#8243;][vc_row_inner row_type=&#8221;row&#8221; type=&#8221;full_width&#8221; text_align=&#8221;left&#8221; css_animation=&#8221;&#8221;][vc_column_inner width=&#8221;1\/2&#8243;][vc_column_text]Tratamento Opcional[\/vc_column_text][\/vc_column_inner][vc_column_inner width=&#8221;1\/2&#8243;][vc_column_text]Prote\u00e7\u00e3o antipicha\u00e7\u00e3o[\/vc_column_text][\/vc_column_inner][\/vc_row_inner][vc_separator type=&#8221;normal&#8221; thickness=&#8221;1&#8243; up=&#8221;20&#8243; down=&#8221;20&#8243;][vc_row_inner row_type=&#8221;row&#8221; type=&#8221;full_width&#8221; text_align=&#8221;left&#8221; css_animation=&#8221;&#8221;][vc_column_inner width=&#8221;1\/2&#8243;][vc_column_text]Resist\u00eancia ao vento[\/vc_column_text][\/vc_column_inner][vc_column_inner width=&#8221;1\/2&#8243;][vc_column_text]120 km\/h[\/vc_column_text][\/vc_column_inner][\/vc_row_inner]<\/div><\/div>[\/vc_column][\/vc_row][vc_row css_animation=&#8221;&#8221; row_type=&#8221;row&#8221; use_row_as_full_screen_section=&#8221;no&#8221; type=&#8221;full_width&#8221; angled_section=&#8221;no&#8221; text_align=&#8221;left&#8221; background_image_as_pattern=&#8221;without_pattern&#8221;][vc_column][vc_column_text]<\/p>\n<p>[\/vc_column_text][\/vc_column][\/vc_row][vc_row css_animation=&#8221;&#8221; row_type=&#8221;row&#8221; use_row_as_full_screen_section=&#8221;no&#8221; type=&#8221;grid&#8221; angled_section=&#8221;no&#8221; text_align=&#8221;left&#8221; background_image_as_pattern=&#8221;without_pattern&#8221; css=&#8221;.vc_custom_1603886079621{margin-bottom: 100px !important;}&#8221; el_class=&#8221;modelos&#8221;][vc_column][vc_column_text css=&#8221;.vc_custom_1603886087893{margin-top: 100px !important;padding-bottom: 50px !important;}&#8221; el_class=&#8221;modelos_titulo&#8221;]<\/p>\n<h1 style=\"text-align: center;\">Outros modelos<\/h1>\n<p>[\/vc_column_text][vc_row_inner row_type=&#8221;row&#8221; type=&#8221;full_width&#8221; text_align=&#8221;left&#8221; css_animation=&#8221;&#8221; css=&#8221;.vc_custom_1603886098041{margin-top: -100px !important;}&#8221; el_class=&#8221;modelos_imagenes&#8221;][vc_column_inner width=&#8221;1\/12&#8243;][\/vc_column_inner][vc_column_inner width=&#8221;1\/6&#8243;][vc_single_image image=&#8221;16212&#8243; img_size=&#8221;full&#8221; alignment=&#8221;center&#8221; onclick=&#8221;custom_link&#8221; qode_css_animation=&#8221;&#8221; link=&#8221;https:\/\/ekiona.com\/pt-pt\/postes-solares\/serie-urban\/&#8221;][vc_column_text]<\/p>\n<h5 style=\"text-align: center;\">URBAN<\/h5>\n<p>[\/vc_column_text][vc_separator type=&#8221;small&#8221; position=&#8221;center&#8221; color=&#8221;#000000&#8243;][vc_column_text]<\/p>\n<p style=\"text-align: center;\">Pr\u00e1tica e funcional, o melhor custo benef\u00edcio.<\/p>\n<p>[\/vc_column_text][\/vc_column_inner][vc_column_inner width=&#8221;1\/6&#8243;][vc_single_image image=&#8221;16214&#8243; img_size=&#8221;full&#8221; alignment=&#8221;center&#8221; onclick=&#8221;custom_link&#8221; qode_css_animation=&#8221;&#8221; link=&#8221;https:\/\/ekiona.com\/pt-pt\/postes-solares\/serie-buried\/&#8221;][vc_column_text]<\/p>\n<h5 style=\"text-align: center;\">BURIED<\/h5>\n<p>[\/vc_column_text][vc_separator type=&#8221;small&#8221; position=&#8221;center&#8221; color=&#8221;#000000&#8243;][vc_column_text]<\/p>\n<p style=\"text-align: center;\">Leve e pr\u00e1tica, preparada para usos especiais.<\/p>\n<p>[\/vc_column_text][\/vc_column_inner][vc_column_inner width=&#8221;1\/6&#8243;][vc_single_image image=&#8221;18799&#8243; img_size=&#8221;full&#8221; alignment=&#8221;center&#8221; onclick=&#8221;custom_link&#8221; qode_css_animation=&#8221;&#8221; link=&#8221;https:\/\/ekiona.com\/pt-pt\/postes-solares\/serie-crosswalk\/&#8221;][vc_column_text]<\/p>\n<h5 style=\"text-align: center;\">CROSSWALK<\/h5>\n<p>[\/vc_column_text][vc_separator type=&#8221;small&#8221; position=&#8221;center&#8221; color=&#8221;#000000&#8243;][vc_column_text]<\/p>\n<p style=\"text-align: center;\">Projetada para faixas de pedestres.<\/p>\n<p>[\/vc_column_text][\/vc_column_inner][vc_column_inner width=&#8221;1\/6&#8243;][vc_single_image image=&#8221;18796&#8243; img_size=&#8221;full&#8221; alignment=&#8221;center&#8221; onclick=&#8221;custom_link&#8221; qode_css_animation=&#8221;&#8221; link=&#8221;https:\/\/ekiona.com\/pt-pt\/postes-solares\/serie-olintu\/&#8221;][vc_column_text]<\/p>\n<h5 style=\"text-align: center;\">OLINTU<\/h5>\n<p>[\/vc_column_text][vc_separator type=&#8221;small&#8221; position=&#8221;center&#8221; color=&#8221;#000000&#8243;][vc_column_text]<\/p>\n<p style=\"text-align: center;\">Design minimalista, com bater\u00eda de l\u00edtio de \u00faltima gera\u00e7\u00e3o.<\/p>\n<p>[\/vc_column_text][\/vc_column_inner][vc_column_inner width=&#8221;1\/6&#8243;][vc_empty_space height=&#8221;100px&#8221; el_class=&#8221;mobile&#8221;][vc_single_image image=&#8221;16215&#8243; img_size=&#8221;full&#8221; alignment=&#8221;center&#8221; onclick=&#8221;custom_link&#8221; qode_css_animation=&#8221;&#8221; link=&#8221;https:\/\/ekiona.com\/pt-pt\/postes-solares\/serie-skyline\/&#8221;][vc_column_text]<\/p>\n<h5 style=\"text-align: center;\">SKYLINE<\/h5>\n<p>[\/vc_column_text][vc_separator type=&#8221;small&#8221; position=&#8221;center&#8221; color=&#8221;#000000&#8243;][vc_column_text]<\/p>\n<p style=\"text-align: center;\">Projetada para rotat\u00f3rias, ruas, avenidas e estradas.<\/p>\n<p>[\/vc_column_text][\/vc_column_inner][\/vc_row_inner][\/vc_column][\/vc_row]<\/p>\n","protected":false},"excerpt":{"rendered":"<p>[vc_row css_animation=&#8221;&#8221; row_type=&#8221;row&#8221; use_row_as_full_screen_section=&#8221;yes&#8221; type=&#8221;grid&#8221; angled_section=&#8221;no&#8221; text_align=&#8221;left&#8221; background_image_as_pattern=&#8221;without_pattern&#8221;][vc_column width=&#8221;1\/2&#8243;][vc_empty_space height=&#8221;100px&#8221; el_class=&#8221;desktop&#8221;][vc_column_text] S\u00c9RIE MOON &nbsp; Conta com o desenho mais atrativo do mercado e inclui tecnologia LED de \u00faltima gera\u00e7\u00e3o, sistema program\u00e1vel de ilumina\u00e7\u00e3o, unidade de controle eletr\u00f4nica KENLOK e controle de intensidade luminoso. Com altura&#8230;<\/p>\n","protected":false},"author":3,"featured_media":0,"parent":16421,"menu_order":0,"comment_status":"closed","ping_status":"closed","template":"full_width.php","meta":{"_monsterinsights_skip_tracking":false,"_monsterinsights_sitenote_active":false,"_monsterinsights_sitenote_note":"","_monsterinsights_sitenote_category":0,"footnotes":""},"class_list":["post-16429","page","type-page","status-publish","hentry"],"aioseo_notices":[],"_links":{"self":[{"href":"https:\/\/ekiona.com\/pt-pt\/wp-json\/wp\/v2\/pages\/16429"}],"collection":[{"href":"https:\/\/ekiona.com\/pt-pt\/wp-json\/wp\/v2\/pages"}],"about":[{"href":"https:\/\/ekiona.com\/pt-pt\/wp-json\/wp\/v2\/types\/page"}],"author":[{"embeddable":true,"href":"https:\/\/ekiona.com\/pt-pt\/wp-json\/wp\/v2\/users\/3"}],"replies":[{"embeddable":true,"href":"https:\/\/ekiona.com\/pt-pt\/wp-json\/wp\/v2\/comments?post=16429"}],"version-history":[{"count":0,"href":"https:\/\/ekiona.com\/pt-pt\/wp-json\/wp\/v2\/pages\/16429\/revisions"}],"up":[{"embeddable":true,"href":"https:\/\/ekiona.com\/pt-pt\/wp-json\/wp\/v2\/pages\/16421"}],"wp:attachment":[{"href":"https:\/\/ekiona.com\/pt-pt\/wp-json\/wp\/v2\/media?parent=16429"}],"curies":[{"name":"wp","href":"https:\/\/api.w.org\/{rel}","templated":true}]}}