{"id":16445,"date":"2018-03-27T10:50:02","date_gmt":"2018-03-27T09:50:02","guid":{"rendered":"https:\/\/ekiona.com\/\/kenlok-ilumek\/"},"modified":"2018-07-13T12:52:16","modified_gmt":"2018-07-13T11:52:16","slug":"kenlok-ilumek","status":"publish","type":"page","link":"https:\/\/ekiona.com\/pt-pt\/kenlok-ilumek\/","title":{"rendered":"KENLOK &#038; ILUMEK"},"content":{"rendered":"<p>[vc_row css_animation=&#8221;&#8221; row_type=&#8221;row&#8221; use_row_as_full_screen_section=&#8221;yes&#8221; type=&#8221;grid&#8221; angled_section=&#8221;no&#8221; text_align=&#8221;left&#8221; background_image_as_pattern=&#8221;without_pattern&#8221; css=&#8221;.vc_custom_1524052611020{margin-bottom: 100px !important;}&#8221;][vc_column][vc_column_text]<\/p>\n<h2><b><span lang=\"PT-BR\">UNIDADE DE CONTROLE\u00a0<\/span><\/b><b><span lang=\"PT-BR\">INTELIGENTE\u00a0<\/span><\/b><b><span lang=\"PT-BR\">KENLOK<\/span><\/b><\/h2>\n<p>[\/vc_column_text][vc_row_inner row_type=&#8221;row&#8221; type=&#8221;full_width&#8221; text_align=&#8221;left&#8221; css_animation=&#8221;&#8221;][vc_column_inner width=&#8221;1\/2&#8243; css=&#8221;.vc_custom_1524125339026{margin-top: 50px !important;}&#8221;][vc_column_text]Todas as nossas solu\u00e7\u00f5es de ilumina\u00e7\u00e3o solar podem incorporar a unidade de controle eletr\u00f4nica inteligente KENLOK, que \u00e9 respons\u00e1vel por gerir todos os par\u00e2metros do poste de ilumina\u00e7\u00e3o, garantindo o correto funcionamento do sistema, gra\u00e7as a um algoritmo de controle desenvolvido e otimizado pelo nosso departamento de P&amp;D&amp;I.<\/p>\n<p>&nbsp;<\/p>\n<p>A unidade de controle realiza a gest\u00e3o dos valores dos pain\u00e9is fotovoltaico solares, administra a carga da bateria e o consumo das lumin\u00e1rias de LED, a fim de garantir a ilumina\u00e7\u00e3o durante toda a noite, todas as noites do ano.<\/p>\n<p>&nbsp;<\/p>\n<p>Essa solu\u00e7\u00e3o pode ser elabora de maneira personalizada, visto que permite incorporar diferentes elementos, como detectores de presen\u00e7a, sensores crepusculares, sensores de temperatura, etc., conforme necessidade do cliente.[\/vc_column_text][\/vc_column_inner][vc_column_inner el_class=&#8221;limit&#8221; width=&#8221;1\/2&#8243;][vc_single_image image=&#8221;16917&#8243; img_size=&#8221;full&#8221; alignment=&#8221;center&#8221; qode_css_animation=&#8221;&#8221;][\/vc_column_inner][\/vc_row_inner][vc_column_text css=&#8221;.vc_custom_1526937455455{margin-top: 100px !important;margin-bottom: 50px !important;}&#8221;]<\/p>\n<h4 style=\"text-align: left;\"><b><span lang=\"PT-BR\">FUNCIONAMENTO DE UM POSTE DE ILUMINA\u00c7\u00c3O SOLAR<\/span><\/b><\/h4>\n<p>[\/vc_column_text][vc_column_text]A radia\u00e7\u00e3o solar dispon\u00edvel, e consequentemente a capta\u00e7\u00e3o de energia, pode ser limitada pela latitude em que se encontre o projeto, podendo afetar a correta ilumina\u00e7\u00e3o em um per\u00edodo desfavor\u00e1vel (inverno).<\/p>\n<p>&nbsp;<\/p>\n<p>Como consequ\u00eancia, um poste de ilumina\u00e7\u00e3o solar tradicional, com painel fotovoltaico solar, pode n\u00e3o iluminar durante todas as horas de uma noite de inverno, devido a falta de capta\u00e7\u00e3o energ\u00e9tica e ao longo per\u00edodo noturno.[\/vc_column_text][vc_empty_space height=&#8221;50px&#8221;][rev_slider_vc alias=&#8221;kenlok&#8221;][vc_empty_space height=&#8221;100px&#8221;][vc_column_text]<\/p>\n<h4 style=\"text-align: center;\"><b><span lang=\"PT-BR\">VANTAGENS DO EXCLUSIVO SISTEMA DE REGULA\u00c7\u00c3O ELETR\u00d4NICA<\/span><\/b><\/h4>\n<p>[\/vc_column_text][vc_empty_space height=&#8221;50px&#8221;][vc_row_inner row_type=&#8221;row&#8221; type=&#8221;full_width&#8221; text_align=&#8221;left&#8221; css_animation=&#8221;&#8221;][vc_column_inner width=&#8221;1\/4&#8243;][\/vc_column_inner][vc_column_inner width=&#8221;1\/2&#8243;][vc_column_text]<\/p>\n<ul>\n<li>Controle de todos os par\u00e2metros do poste: Painel, bateria, lumin\u00e1ria, etc.<\/li>\n<li>Gest\u00e3o otimizada do consumo energ\u00e9tico segundo o estado da bateria.<\/li>\n<li>Troca autom\u00e1tica hor\u00e1rio inverno\/ver\u00e3o.<\/li>\n<li>Algoritmo de controle de luminosidade.<\/li>\n<li>Sistema de medi\u00e7\u00e3o de temperatura e tens\u00e3o.<\/li>\n<\/ul>\n<p>[\/vc_column_text][\/vc_column_inner][vc_column_inner width=&#8221;1\/4&#8243;][\/vc_column_inner][\/vc_row_inner][\/vc_column][\/vc_row][vc_row css_animation=&#8221;&#8221; row_type=&#8221;row&#8221; use_row_as_full_screen_section=&#8221;yes&#8221; type=&#8221;grid&#8221; angled_section=&#8221;no&#8221; text_align=&#8221;left&#8221; background_image_as_pattern=&#8221;without_pattern&#8221; css=&#8221;.vc_custom_1523261402152{padding-top: 100px !important;padding-bottom: 100px !important;background-color: #f3f3f3 !important;}&#8221; el_id=&#8221;ilumek&#8221;][vc_column][vc_column_text]<\/p>\n<h2><b><span lang=\"PT-BR\">SISTEMA DE GEST\u00c3O REMOTA ILUMEK <\/span><\/b><\/h2>\n<p>[\/vc_column_text][vc_row_inner row_type=&#8221;row&#8221; type=&#8221;full_width&#8221; text_align=&#8221;left&#8221; css_animation=&#8221;&#8221;][vc_column_inner width=&#8221;1\/2&#8243; css=&#8221;.vc_custom_1524125350071{margin-top: 50px !important;}&#8221;][vc_column_text]Desenvolvemos na EKIONA Ilumina\u00e7\u00e3o Solar o sistema integral de gest\u00e3o remota <strong><a href=\"http:\/\/ilumek.com\">ILUMEK<\/a><\/strong>, uma solu\u00e7\u00e3o inovadora para o controle e monitoramento de ilumina\u00e7\u00e3o solar. Cada poste conta com um sistema de comunica\u00e7\u00e3o sem fio de \u00faltima gera\u00e7\u00e3o, que transmite, de maneira peri\u00f3dica, dados aos outros postes para compartilhar o estado de cada um.<\/p>\n<p>&nbsp;<\/p>\n<p>Cada grupo de postes possui um dispositivo de comunica\u00e7\u00e3o, tamb\u00e9m sem fio, que concentra a informa\u00e7\u00e3o de todos e envia ao centro de gest\u00e3o, do qual \u00e9 poss\u00edvel monitorar o estado da instala\u00e7\u00e3o. O modulo de comunica\u00e7\u00e3o sem fio envia os dados a um servidor que armazena e geri os dados recebidos.[\/vc_column_text][\/vc_column_inner][vc_column_inner el_class=&#8221;limit&#8221; width=&#8221;1\/2&#8243; css=&#8221;.vc_custom_1524227541129{padding-left: 10% !important;}&#8221;][vc_single_image image=&#8221;16387&#8243; img_size=&#8221;full&#8221; alignment=&#8221;center&#8221; qode_css_animation=&#8221;&#8221;][\/vc_column_inner][\/vc_row_inner][vc_row_inner row_type=&#8221;row&#8221; type=&#8221;full_width&#8221; text_align=&#8221;left&#8221; css_animation=&#8221;&#8221; css=&#8221;.vc_custom_1523261633882{margin-top: 100px !important;margin-bottom: 100px !important;}&#8221;][vc_column_inner el_class=&#8221;limit&#8221; width=&#8221;1\/2&#8243;][vc_single_image image=&#8221;16059&#8243; img_size=&#8221;full&#8221; alignment=&#8221;center&#8221; qode_css_animation=&#8221;&#8221;][\/vc_column_inner][vc_column_inner width=&#8221;1\/2&#8243; css=&#8221;.vc_custom_1524227592611{margin-top: 0px !important;}&#8221;][vc_column_text]<b><span lang=\"PT-BR\"><a href=\"http:\/\/ilumek.com\">ILUMEK<\/a>\u00a0<\/span><\/b><span lang=\"PT-BR\">permite ao usu\u00e1rio o acesso a todos os dados de sua instala\u00e7\u00e3o de postes a partir de qualquer dispositivo com internet (c\u00e9lula, tablet ou computador).\u00a0 Ser\u00e1 disponibilizada a todo o momento a situa\u00e7\u00e3o de cada poste, e o usu\u00e1rio pode visualizar o estado da carga das baterias, o n\u00edvel de ilumina\u00e7\u00e3o, a seguran\u00e7a, etc.. Al\u00e9m disso, ser\u00e1 poss\u00edvel modificar os par\u00e2metros configurados de ilumina\u00e7\u00e3o e planejamento dos postes.<\/span>[\/vc_column_text][\/vc_column_inner][\/vc_row_inner][vc_column_text]<\/p>\n<p style=\"text-align: center;\"><strong>BENEF\u00cdCIOS DO SISTEMA DE GEST\u00c3O REMOTA DE ILUMINA\u00c7\u00c3O SOLAR<\/strong><\/p>\n<p>[\/vc_column_text][vc_row_inner row_type=&#8221;row&#8221; type=&#8221;full_width&#8221; text_align=&#8221;left&#8221; css_animation=&#8221;&#8221; css=&#8221;.vc_custom_1523891667047{margin-top: 50px !important;}&#8221;][vc_column_inner width=&#8221;1\/4&#8243;][\/vc_column_inner][vc_column_inner width=&#8221;1\/2&#8243;][vc_column_text]<\/p>\n<ul>\n<li>Redu\u00e7\u00e3o dos custos de manuten\u00e7\u00e3o gra\u00e7as \u00e0 telegest\u00e3o.<\/li>\n<li>Instala\u00e7\u00e3o, configura\u00e7\u00e3o e atualiza\u00e7\u00f5es sem custos adicionais.<\/li>\n<li>Modo de funcionamento ECO para economia de energia.<\/li>\n<li>Eletr\u00f4nica de baixo consumo.<\/li>\n<li>Otimiza\u00e7\u00e3o da autonomia mediante o controle do n\u00edvel de ilumina\u00e7\u00e3o.<\/li>\n<li>Notifica\u00e7\u00f5es via E-mail e\/ou SMS sobre o estado dos postes solares.<\/li>\n<li>Diferentes n\u00edveis de seguran\u00e7a e acesso ao controle do software ILUMEK.<\/li>\n<li>Redu\u00e7\u00e3o de emiss\u00f5es de elementos nocivos a atmosfera (CO2, SO2, NOX).<\/li>\n<li>Minimiza o efeito estufa e evita o corte de \u00e1rvores.<\/li>\n<\/ul>\n<p>[\/vc_column_text][\/vc_column_inner][vc_column_inner width=&#8221;1\/4&#8243;][\/vc_column_inner][\/vc_row_inner][\/vc_column][\/vc_row]<\/p>\n","protected":false},"excerpt":{"rendered":"<p>[vc_row css_animation=&#8221;&#8221; row_type=&#8221;row&#8221; use_row_as_full_screen_section=&#8221;yes&#8221; type=&#8221;grid&#8221; angled_section=&#8221;no&#8221; text_align=&#8221;left&#8221; background_image_as_pattern=&#8221;without_pattern&#8221; css=&#8221;.vc_custom_1524052611020{margin-bottom: 100px !important;}&#8221;][vc_column][vc_column_text] UNIDADE DE CONTROLE\u00a0INTELIGENTE\u00a0KENLOK [\/vc_column_text][vc_row_inner row_type=&#8221;row&#8221; type=&#8221;full_width&#8221; text_align=&#8221;left&#8221; css_animation=&#8221;&#8221;][vc_column_inner width=&#8221;1\/2&#8243; css=&#8221;.vc_custom_1524125339026{margin-top: 50px !important;}&#8221;][vc_column_text]Todas as nossas solu\u00e7\u00f5es de ilumina\u00e7\u00e3o solar podem incorporar a unidade de controle eletr\u00f4nica inteligente KENLOK, que \u00e9 respons\u00e1vel por gerir todos os&#8230;<\/p>\n","protected":false},"author":3,"featured_media":0,"parent":0,"menu_order":0,"comment_status":"closed","ping_status":"closed","template":"full_width.php","meta":{"_monsterinsights_skip_tracking":false,"_monsterinsights_sitenote_active":false,"_monsterinsights_sitenote_note":"","_monsterinsights_sitenote_category":0,"footnotes":""},"class_list":["post-16445","page","type-page","status-publish","hentry"],"aioseo_notices":[],"_links":{"self":[{"href":"https:\/\/ekiona.com\/pt-pt\/wp-json\/wp\/v2\/pages\/16445"}],"collection":[{"href":"https:\/\/ekiona.com\/pt-pt\/wp-json\/wp\/v2\/pages"}],"about":[{"href":"https:\/\/ekiona.com\/pt-pt\/wp-json\/wp\/v2\/types\/page"}],"author":[{"embeddable":true,"href":"https:\/\/ekiona.com\/pt-pt\/wp-json\/wp\/v2\/users\/3"}],"replies":[{"embeddable":true,"href":"https:\/\/ekiona.com\/pt-pt\/wp-json\/wp\/v2\/comments?post=16445"}],"version-history":[{"count":0,"href":"https:\/\/ekiona.com\/pt-pt\/wp-json\/wp\/v2\/pages\/16445\/revisions"}],"wp:attachment":[{"href":"https:\/\/ekiona.com\/pt-pt\/wp-json\/wp\/v2\/media?parent=16445"}],"curies":[{"name":"wp","href":"https:\/\/api.w.org\/{rel}","templated":true}]}}