{"id":16453,"date":"2018-03-27T11:10:02","date_gmt":"2018-03-27T10:10:02","guid":{"rendered":"https:\/\/ekiona.com\/\/una-apuesta-segura\/"},"modified":"2018-07-12T14:34:38","modified_gmt":"2018-07-12T13:34:38","slug":"uma-aposta-segura","status":"publish","type":"page","link":"https:\/\/ekiona.com\/pt-pt\/uma-aposta-segura\/","title":{"rendered":"Uma aposta segura"},"content":{"rendered":"<p>[vc_row css_animation=&#8221;&#8221; row_type=&#8221;row&#8221; use_row_as_full_screen_section=&#8221;yes&#8221; type=&#8221;grid&#8221; angled_section=&#8221;no&#8221; text_align=&#8221;left&#8221; background_image_as_pattern=&#8221;without_pattern&#8221; css=&#8221;.vc_custom_1524228109834{padding-top: 100px !important;padding-bottom: 100px !important;}&#8221; el_id=&#8221;farola&#8221;][vc_column]<div class='q_icon_with_title medium normal_icon '><div class=\"icon_holder \" style=\" \"><span data-icon-type=\"normal\"  data-icon-hover-color=\"#43403e\" style=\"\" class=\"qode_iwt_icon_holder q_font_awsome_icon fa-3x  \"><i class=\"qode_icon_font_awesome fa fa-spinner qode_iwt_icon_element\" style=\"color: #43403e;\" ><\/i><\/span><\/div><div class=\"icon_text_holder\" style=\"\"><div class=\"icon_text_inner\" style=\"\"><h2 class=\"icon_title\" style=\"color: #43403e;font-weight: 800;\">POSTE<\/h2><p style=''>INTELIGENTE<\/p><\/div><\/div><\/div>[vc_row_inner row_type=&#8221;row&#8221; type=&#8221;grid&#8221; text_align=&#8221;left&#8221; css_animation=&#8221;&#8221; css=&#8221;.vc_custom_1522918796409{margin-top: 50px !important;}&#8221;][vc_column_inner][vc_column_text]Para garantir a ilumina\u00e7\u00e3o do sistema de postes durante toda a noite, desenvolvemos tanto a unidade de controle KENLOK como o software inteligente de gest\u00e3o remota <a href=\"http:\/\/ilumek.com\"><strong>ILUMEK<\/strong><\/a>.<\/p>\n<p>&nbsp;<\/p>\n<p>Nosso sistema eletr\u00f4nico \u00e9 capaz de autogerir a carga da bateria, evitando dessa maneira os excessos de carga e descarga. \u00c9 um sistema totalmente program\u00e1vel e otimiza eficazmente o consumo de energia.<\/p>\n<p>&nbsp;<\/p>\n<p>Por meio de diversos protocolos de alto n\u00edvel e comunica\u00e7\u00e3o sem fio de baixo consumo, denominada Zigbee\/RF, os postes solares EKIONA podem comunicar entre si, concentrando a informa\u00e7\u00e3o necess\u00e1ria e a enviando a um centro de gest\u00e3o.<\/p>\n<p>&nbsp;<\/p>\n<p><strong><a href=\"http:\/\/ilumek.com\">ILUMEK<\/a>\u00a0<\/strong>permite ao usu\u00e1rio o acesso a todos os dados de sua instala\u00e7\u00e3o de postes a partir de qualquer dispositivo com internet (c\u00e9lula, tablet ou computador).\u00a0Ser\u00e1 disponibilizada a todo o momento a situa\u00e7\u00e3o de cada poste, e o usu\u00e1rio pode visualizar o estado da carga das baterias, o n\u00edvel de ilumina\u00e7\u00e3o, a seguran\u00e7a, etc.. Al\u00e9m disso, ser\u00e1 poss\u00edvel modificar os par\u00e2metros configurados de ilumina\u00e7\u00e3o e planejamento dos postes.[\/vc_column_text][\/vc_column_inner][\/vc_row_inner][\/vc_column][\/vc_row][vc_row css_animation=&#8221;&#8221; row_type=&#8221;row&#8221; use_row_as_full_screen_section=&#8221;yes&#8221; type=&#8221;grid&#8221; angled_section=&#8221;no&#8221; text_align=&#8221;left&#8221; background_image_as_pattern=&#8221;without_pattern&#8221; css=&#8221;.vc_custom_1524228123446{padding-top: 100px !important;padding-bottom: 100px !important;background-color: #f3f3f3 !important;}&#8221; el_id=&#8221;fiabilidad&#8221;][vc_column]<div class='q_icon_with_title medium normal_icon right '><div class=\"icon_holder \" style=\" \"><span data-icon-type=\"normal\"  data-icon-hover-color=\"#43403e\" style=\"\" class=\"qode_iwt_icon_holder q_font_awsome_icon fa-3x  \"><i class=\"qode_icon_font_awesome fa fa-shield qode_iwt_icon_element\" style=\"color: #43403e;\" ><\/i><\/span><\/div><div class=\"icon_text_holder\" style=\"\"><div class=\"icon_text_inner\" style=\"\"><h2 class=\"icon_title\" style=\"color: #43403e;font-weight: 800;\">M\u00c1XIMA<\/h2><p style=''>CONFIABILIDADE<\/p><\/div><\/div><\/div>[vc_row_inner row_type=&#8221;row&#8221; type=&#8221;full_width&#8221; text_align=&#8221;left&#8221; css_animation=&#8221;&#8221; css=&#8221;.vc_custom_1525790779941{margin-top: 50px !important;}&#8221;][vc_column_inner][vc_column_text]A EKIONA aposta na cria\u00e7\u00e3o de equipes de trabalho espec\u00edficas para buscar as melhores solu\u00e7\u00f5es de projeto gr\u00e1fico, eletr\u00f4nica e \u00f3tica do poste de ilumina\u00e7\u00e3o.<\/p>\n<p>&nbsp;<\/p>\n<p>Desenvolvemos e implementamos todo o projeto, melhorando o comportamento e qualidade dos componentes, nos adaptamos as \u00faltimas tecnologias e oferecemos, dessa forma, produtos de \u00faltima gera\u00e7\u00e3o.<\/p>\n<p>&nbsp;<\/p>\n<ul>\n<li>Novos materiais para o poste, com acabamentos para aumenta a durabilidade.<\/li>\n<li>Novos desenhos para a caixa de componentes com o objetivo de oferecer um resultado \u00f3timo tanto no \u00e2mbito est\u00e9tico quanto mec\u00e2nico.<\/li>\n<li>Busca pelos melhores componentes para otimizar as partes: pain\u00e9is fotovoltaicos, baterias, sensores, lumin\u00e1ria, etc..<\/li>\n<li>Diferentes processos de montagem com o intuito de agilizar a execu\u00e7\u00e3o da instala\u00e7\u00e3o.<\/li>\n<\/ul>\n<p>&nbsp;<\/p>\n<p>Estamos constantemente integrando novas tecnologias no \u00e2mbito da eletr\u00f4nica, buscando sempre a simplicidade, confiabilidade e economia de energia.[\/vc_column_text][\/vc_column_inner][\/vc_row_inner][\/vc_column][\/vc_row][vc_row css_animation=&#8221;&#8221; row_type=&#8221;row&#8221; use_row_as_full_screen_section=&#8221;yes&#8221; type=&#8221;grid&#8221; angled_section=&#8221;no&#8221; text_align=&#8221;left&#8221; background_image_as_pattern=&#8221;without_pattern&#8221; css=&#8221;.vc_custom_1524228155746{padding-top: 100px !important;padding-bottom: 100px !important;}&#8221; el_id=&#8221;eficiencia&#8221;][vc_column]<div class='q_icon_with_title medium normal_icon '><div class=\"icon_holder \" style=\" \"><span data-icon-type=\"normal\"  data-icon-hover-color=\"#43403e\" style=\"\" class=\"qode_iwt_icon_holder q_font_awsome_icon fa-3x  \"><i class=\"qode_icon_font_awesome fa fa-lightbulb-o qode_iwt_icon_element\" style=\"color: #43403e;\" ><\/i><\/span><\/div><div class=\"icon_text_holder\" style=\"\"><div class=\"icon_text_inner\" style=\"\"><h2 class=\"icon_title\" style=\"color: #43403e;font-weight: 800;\">LEDS DE <\/h2><p style=''>ALTA EFICI\u00caNCIA<\/p><\/div><\/div><\/div>[vc_row_inner row_type=&#8221;row&#8221; type=&#8221;full_width&#8221; text_align=&#8221;left&#8221; css_animation=&#8221;&#8221; css=&#8221;.vc_custom_1525790820113{margin-top: 50px !important;}&#8221;][vc_column_inner][vc_column_text]A tecnologia LED, em constante evolu\u00e7\u00e3o, proporciona gastos de energia muito reduzidos e um rendimento luminoso muito elevado de mais de 120 l\u00famens por watt (lm\/W). Estima-se que a vida \u00fatil seja de mais de 50mil horas de uso.<\/p>\n<p>&nbsp;<\/p>\n<p>Uma das mais importantes caracter\u00edsticas dos sistemas LED \u00e9 o elevado n\u00edvel de controle que \u00e9 oferecido, permitindo gerir o funcionamento e luminosidade em fun\u00e7\u00e3o das necessidades do usu\u00e1rio.<\/p>\n<p>&nbsp;<\/p>\n<p style=\"text-align: left;\">Em contato direto com os l\u00edderes em fabrica\u00e7\u00e3o de sistemas de ilumina\u00e7\u00e3o com tecnologia LED, a EKIONA utiliza tal tecnologia atingindo os melhores resultados quanto \u00e0 efici\u00eancia energ\u00e9tica e evolu\u00e7\u00e3o tecnol\u00f3gica.<\/p>\n<p>[\/vc_column_text][\/vc_column_inner][\/vc_row_inner][\/vc_column][\/vc_row][vc_row css_animation=&#8221;&#8221; row_type=&#8221;row&#8221; use_row_as_full_screen_section=&#8221;yes&#8221; type=&#8221;grid&#8221; angled_section=&#8221;no&#8221; text_align=&#8221;left&#8221; background_image_as_pattern=&#8221;without_pattern&#8221; css=&#8221;.vc_custom_1524228147916{padding-top: 100px !important;padding-bottom: 100px !important;background-color: #f3f3f3 !important;}&#8221; el_id=&#8221;corrosion&#8221;][vc_column]<div class='q_icon_with_title medium normal_icon right '><div class=\"icon_holder \" style=\" \"><span data-icon-type=\"normal\"  data-icon-hover-color=\"#43403e\" style=\"\" class=\"qode_iwt_icon_holder q_font_awsome_icon fa-3x  \"><i class=\"qode_icon_font_awesome fa fa-hourglass qode_iwt_icon_element\" style=\"color: #43403e;\" ><\/i><\/span><\/div><div class=\"icon_text_holder\" style=\"\"><div class=\"icon_text_inner\" style=\"\"><h2 class=\"icon_title\" style=\"color: #43403e;font-weight: 800;\">RESISTENCIA <\/h2><p style=''>A CORROS\u00e3O<\/p><\/div><\/div><\/div>[vc_row_inner row_type=&#8221;row&#8221; type=&#8221;grid&#8221; text_align=&#8221;left&#8221; css_animation=&#8221;&#8221; css=&#8221;.vc_custom_1525790831713{margin-top: 50px !important;}&#8221;][vc_column_inner][vc_column_text]Los diversos elementos que componen las farolas solares que fabricamos, cuentan con tratamientos especializados, aumentando su resistencia a la corrosi\u00f3n hasta los 20 a\u00f1os aproximadamente.<\/p>\n<p>&nbsp;<\/p>\n<p>[\/vc_column_text][vc_column_text]Os diversos componentes que comp\u00f5e o produto que fabricamos contam com tratamentos inoxid\u00e1veis, aumentando a resist\u00eancia \u00e0 corros\u00e3o a at\u00e9 20 anos.<\/p>\n<p>&nbsp;<\/p>\n<p>Tanto o poste como a caixa de componentes s\u00e3o fabricados em a\u00e7o galvanizado. Este tipo de a\u00e7o processado tem um tratamento final que protege o pr\u00f3prio a\u00e7o evitando que este se oxide. Tamb\u00e9m oferecemos uma prote\u00e7\u00e3o adicional com pinturas especiais para instala\u00e7\u00f5es em ambientes salinos.[\/vc_column_text][\/vc_column_inner][\/vc_row_inner][\/vc_column][\/vc_row]<\/p>\n","protected":false},"excerpt":{"rendered":"<p>[vc_row css_animation=&#8221;&#8221; row_type=&#8221;row&#8221; use_row_as_full_screen_section=&#8221;yes&#8221; type=&#8221;grid&#8221; angled_section=&#8221;no&#8221; text_align=&#8221;left&#8221; background_image_as_pattern=&#8221;without_pattern&#8221; css=&#8221;.vc_custom_1524228109834{padding-top: 100px !important;padding-bottom: 100px !important;}&#8221; el_id=&#8221;farola&#8221;][vc_column][vc_row_inner row_type=&#8221;row&#8221; type=&#8221;grid&#8221; text_align=&#8221;left&#8221; css_animation=&#8221;&#8221; css=&#8221;.vc_custom_1522918796409{margin-top: 50px !important;}&#8221;][vc_column_inner][vc_column_text]Para garantir a ilumina\u00e7\u00e3o do sistema de postes durante toda a noite, desenvolvemos tanto a unidade de controle KENLOK como o software inteligente de gest\u00e3o&#8230;<\/p>\n","protected":false},"author":3,"featured_media":0,"parent":0,"menu_order":0,"comment_status":"closed","ping_status":"closed","template":"full_width.php","meta":{"_monsterinsights_skip_tracking":false,"_monsterinsights_sitenote_active":false,"_monsterinsights_sitenote_note":"","_monsterinsights_sitenote_category":0,"footnotes":""},"class_list":["post-16453","page","type-page","status-publish","hentry"],"aioseo_notices":[],"_links":{"self":[{"href":"https:\/\/ekiona.com\/pt-pt\/wp-json\/wp\/v2\/pages\/16453"}],"collection":[{"href":"https:\/\/ekiona.com\/pt-pt\/wp-json\/wp\/v2\/pages"}],"about":[{"href":"https:\/\/ekiona.com\/pt-pt\/wp-json\/wp\/v2\/types\/page"}],"author":[{"embeddable":true,"href":"https:\/\/ekiona.com\/pt-pt\/wp-json\/wp\/v2\/users\/3"}],"replies":[{"embeddable":true,"href":"https:\/\/ekiona.com\/pt-pt\/wp-json\/wp\/v2\/comments?post=16453"}],"version-history":[{"count":0,"href":"https:\/\/ekiona.com\/pt-pt\/wp-json\/wp\/v2\/pages\/16453\/revisions"}],"wp:attachment":[{"href":"https:\/\/ekiona.com\/pt-pt\/wp-json\/wp\/v2\/media?parent=16453"}],"curies":[{"name":"wp","href":"https:\/\/api.w.org\/{rel}","templated":true}]}}