{"id":16644,"date":"2018-04-17T11:35:10","date_gmt":"2018-04-17T10:35:10","guid":{"rendered":"https:\/\/ekiona.com\/\/politica-de-privacidad\/"},"modified":"2018-08-13T11:46:33","modified_gmt":"2018-08-13T10:46:33","slug":"politica-de-privacidade","status":"publish","type":"page","link":"https:\/\/ekiona.com\/pt-pt\/politica-de-privacidade\/","title":{"rendered":"Pol\u00edtica de privacidade"},"content":{"rendered":"<p>[vc_row css_animation=&#8221;&#8221; row_type=&#8221;row&#8221; use_row_as_full_screen_section=&#8221;no&#8221; type=&#8221;grid&#8221; angled_section=&#8221;no&#8221; text_align=&#8221;left&#8221; background_image_as_pattern=&#8221;without_pattern&#8221; css=&#8221;.vc_custom_1524052619300{margin-bottom: 0px !important;}&#8221;][vc_column][vc_column_text]<\/p>\n<h2>Privacy Policy<\/h2>\n<p>[\/vc_column_text][\/vc_column][\/vc_row][vc_row css_animation=&#8221;&#8221; row_type=&#8221;row&#8221; use_row_as_full_screen_section=&#8221;no&#8221; type=&#8221;grid&#8221; angled_section=&#8221;no&#8221; text_align=&#8221;left&#8221; background_image_as_pattern=&#8221;without_pattern&#8221; css=&#8221;.vc_custom_1523961760173{margin-top: 50px !important;margin-bottom: 150px !important;}&#8221;][vc_column width=&#8221;1\/2&#8243;][vc_column_text]In compliance with Ley Org\u00e1nica 15\/1999 of 13 December on the Protecci\u00f3n de Datos de Caracter Personal (LOPD), Real Decreto 1720\/2007 of 21 December for approval of the Reglamento de Desarrollo of the said Law and Reglamento (UE) 2016\/679 Regulation (EU) 2016\/679 of the European Parliament and of the Council of 27 April 2016 on the protection of natural persons with regard to the processing of personal data (GDPR), we inform that the personal information you provide through www.sunlightforthenight.com web page will be treated confidentially and secretly, and their collection will have the purpose of managing and providing the services offered by EKIONA Solar Lighting (EKIONA Iluminaci\u00f3n Solar S.L.).<\/p>\n<p>&nbsp;<\/p>\n<p>Visiting this website does not enforce the user to share any of its personal information. In order to use some additional services or ask for additional information, the user will have to fulfil beforehand some information, such as full name, company and telephone number. In these cases, the user assures that the personal data informed is true, belongs to himself \/ herself and becomes responsible for communicating with EKIONA Solar Lighting (EKIONA Iluminaci\u00f3n Solar S.L.) if there is any change in the information provided.<\/p>\n<p>&nbsp;<\/p>\n<p>Do not fill in the fields indicated as mandatory, that appear in any form of electronic record, may have the effect of EKIONA Solar Lighting (EKIONA Iluminaci\u00f3n Solar, S.L.) being unable to process your order.<\/p>\n<p>&nbsp;<\/p>\n<p>EKIONA Solar Lighting (EKIONA Iluminaci\u00f3n Solar, S.L.) does not sell, transfer, rent or transmit in any way, information or personal data of customers \/ users to third parties.<\/p>\n<p>&nbsp;<\/p>\n<p>For the purposes of what is stated in the previous paragraph, please note that EKIONA Solar Lighting (EKIONA Iluminaci\u00f3n Solar, S.L.) has cookies installed on their systems. Cookies are small text files stored by your browser on your computer&#8217;s hard disk. When you browse through our website, our server will recognize the cookie and provide information on your last visit. Most browsers accept the use of cookies automatically, but you can configure your browser to be notified on your computer screen in the reception of cookies and to prevent their installation on your hard drive.<\/p>\n<p>&nbsp;<\/p>\n<p>The owner of the data provided can use his \/ her rights of portability, opposition, limitation of treatment, information, access, rectification and suppression to decisions automatically made in the legal terms, as well as delete at any time the consents granted, sending a certified letter or any equivalent form, with its personal identification document to the following address: EKIONA Iluminaci\u00f3n Solar, S.L., Parque Tecnol\u00f3gico Miram\u00f3n, aseo Mikeletegi 56, bajo. 20009, Donostia \u2013 San Sebasti\u00e1n, Guip\u00fazcoa, Spain. These right can also be required sending an electronic mail (email) including its personal data to <a href=\"mailto:contacto@ekiona.com\">contacto@ekiona.com<\/a>.[\/vc_column_text][\/vc_column][vc_column width=&#8221;1\/2&#8243;][vc_column_text]Certain services provided by EKIONA Solar Lighting (EKIONA Iluminaci\u00f3n Solar, S.L.), may contain conditions with specific provisions on the protection of personal data, being therefore, the conditions of each case.<\/p>\n<p>&nbsp;<\/p>\n<p>In all cases not covered by the special conditions shall apply extra general conditions set out in this privacy policy. It warns children and youth under age 18 must have permission from their parents or guardians to provide personal information in the website EKIONA Solar Lighting (EKIONA Iluminaci\u00f3n Solar, S.L.).<\/p>\n<p>&nbsp;<\/p>\n<p>EKIONA Solar Lighting (EKIONA Iluminaci\u00f3n Solar, S.L.) has taken the necessary measures to prevent alteration, loss, or unauthorized access to personal data, taking into account the current state of technology, the nature of the data stored and the risks they are exposed, whether from human action or the physical or natural, however, users should be aware that Internet security measures are not foolproof.<\/p>\n<p>&nbsp;<\/p>\n<p>EKIONA Solar Lighting (EKIONA Iluminaci\u00f3n Solar, S.L.) reserves the right to modify its privacy policy at its option, either because of changes in legislation, case law or business practice. If EKIONA Solar Lighting (EKIONA Iluminaci\u00f3n Solar, S.L.) SL introduce any changes, the new text will be published in this website, where the user may have knowledge of the current privacy policy EKIONA Solar Lighting (EKIONA Iluminaci\u00f3n Solar, S.L.). In any case, the relationship with users will be governed by the rules set at the precise moment they access the site.[\/vc_column_text][\/vc_column][\/vc_row]<\/p>\n","protected":false},"excerpt":{"rendered":"<p>[vc_row css_animation=&#8221;&#8221; row_type=&#8221;row&#8221; use_row_as_full_screen_section=&#8221;no&#8221; type=&#8221;grid&#8221; angled_section=&#8221;no&#8221; text_align=&#8221;left&#8221; background_image_as_pattern=&#8221;without_pattern&#8221; css=&#8221;.vc_custom_1524052619300{margin-bottom: 0px !important;}&#8221;][vc_column][vc_column_text] Privacy Policy [\/vc_column_text][\/vc_column][\/vc_row][vc_row css_animation=&#8221;&#8221; row_type=&#8221;row&#8221; use_row_as_full_screen_section=&#8221;no&#8221; type=&#8221;grid&#8221; angled_section=&#8221;no&#8221; text_align=&#8221;left&#8221; background_image_as_pattern=&#8221;without_pattern&#8221; css=&#8221;.vc_custom_1523961760173{margin-top: 50px !important;margin-bottom: 150px !important;}&#8221;][vc_column width=&#8221;1\/2&#8243;][vc_column_text]In compliance with Ley Org\u00e1nica 15\/1999 of 13 December on the Protecci\u00f3n de Datos de Caracter Personal (LOPD), Real&#8230;<\/p>\n","protected":false},"author":3,"featured_media":0,"parent":0,"menu_order":0,"comment_status":"closed","ping_status":"closed","template":"full_width.php","meta":{"_monsterinsights_skip_tracking":false,"_monsterinsights_sitenote_active":false,"_monsterinsights_sitenote_note":"","_monsterinsights_sitenote_category":0,"footnotes":""},"class_list":["post-16644","page","type-page","status-publish","hentry"],"aioseo_notices":[],"_links":{"self":[{"href":"https:\/\/ekiona.com\/pt-pt\/wp-json\/wp\/v2\/pages\/16644"}],"collection":[{"href":"https:\/\/ekiona.com\/pt-pt\/wp-json\/wp\/v2\/pages"}],"about":[{"href":"https:\/\/ekiona.com\/pt-pt\/wp-json\/wp\/v2\/types\/page"}],"author":[{"embeddable":true,"href":"https:\/\/ekiona.com\/pt-pt\/wp-json\/wp\/v2\/users\/3"}],"replies":[{"embeddable":true,"href":"https:\/\/ekiona.com\/pt-pt\/wp-json\/wp\/v2\/comments?post=16644"}],"version-history":[{"count":0,"href":"https:\/\/ekiona.com\/pt-pt\/wp-json\/wp\/v2\/pages\/16644\/revisions"}],"wp:attachment":[{"href":"https:\/\/ekiona.com\/pt-pt\/wp-json\/wp\/v2\/media?parent=16644"}],"curies":[{"name":"wp","href":"https:\/\/api.w.org\/{rel}","templated":true}]}}